{"id":2578,"date":"2020-01-21T14:44:34","date_gmt":"2020-01-21T13:44:34","guid":{"rendered":"https:\/\/neu.bredentgroup.com\/terms-of-cad-library\/"},"modified":"2023-07-21T11:27:15","modified_gmt":"2023-07-21T09:27:15","slug":"bredent-group-cad-bibliothek","status":"publish","type":"page","link":"https:\/\/bredent-group.com\/de\/bredent-group-cad-bibliothek\/","title":{"rendered":"Bedingungen der CAD-Bibliothek"},"content":{"rendered":"\t\t<div data-elementor-type=\"wp-page\" data-elementor-id=\"2578\" class=\"elementor elementor-2578 elementor-1072\" data-elementor-post-type=\"page\">\n\t\t\t\t\t\t<section class=\"elementor-section elementor-top-section elementor-element elementor-element-636aa1c elementor-section-stretched elementor-section-height-min-height elementor-section-boxed elementor-section-height-default elementor-section-items-middle\" data-id=\"636aa1c\" data-element_type=\"section\" data-e-type=\"section\" data-settings=\"{&quot;stretch_section&quot;:&quot;section-stretched&quot;,&quot;background_background&quot;:&quot;slideshow&quot;,&quot;background_slideshow_gallery&quot;:[{&quot;id&quot;:33809,&quot;url&quot;:&quot;https:\\\/\\\/bredent-group.com\\\/wp-content\\\/uploads\\\/2023\\\/06\\\/cad-background.jpg&quot;}],&quot;background_slideshow_loop&quot;:&quot;yes&quot;,&quot;background_slideshow_slide_duration&quot;:5000,&quot;background_slideshow_slide_transition&quot;:&quot;fade&quot;,&quot;background_slideshow_transition_duration&quot;:500}\">\n\t\t\t\t\t\t\t<div class=\"elementor-background-overlay\"><\/div>\n\t\t\t\t\t\t\t<div class=\"elementor-container elementor-column-gap-default\">\n\t\t\t\t\t<div class=\"elementor-column elementor-col-100 elementor-top-column elementor-element elementor-element-f7de047\" data-id=\"f7de047\" data-element_type=\"column\" data-e-type=\"column\" data-settings=\"{&quot;background_background&quot;:&quot;classic&quot;}\">\n\t\t\t<div class=\"elementor-widget-wrap elementor-element-populated\">\n\t\t\t\t\t\t<div class=\"elementor-element elementor-element-4619a98 elementor-alert-warning elementor-widget elementor-widget-alert\" data-id=\"4619a98\" data-element_type=\"widget\" data-e-type=\"widget\" data-widget_type=\"alert.default\">\n\t\t\t\t<div class=\"elementor-widget-container\">\n\t\t\t\t\t\t\t<div class=\"elementor-alert\" role=\"alert\">\n\n\t\t\t\t\t\t<span class=\"elementor-alert-title\">WICHTIGE INFORMATIONEN<\/span>\n\t\t\t\n\t\t\t\t\t\t<span class=\"elementor-alert-description\"><p>F\u00fcr die Einbindung der Datens\u00e4tze in Ihre Implantatbibliothek sowie dem weiteren Umgang dieser Datens\u00e4tze sind Sie als Anwender bzw. der Anbieter Ihres CAD\/CAM Systems verantwortlich.<br \/>\nJeglicher Support l\u00e4uft weiterhin \u00fcber Ihren Software-Anbieter.<\/p>\n<p>Bitte beachten Sie, dass Ihre Konstruktion durch die Bet\u00e4tigung des \"upload Buttons\" in Ihrer Konstruktionssoftware an Ihr hinterlegtes Fr\u00e4szentrum weitergeleitet wird, nicht an bredent GmbH &amp; Co.KG!<br \/>\nDie Firma bredent GmbH &amp; Co.KG haftet nicht f\u00fcr Sch\u00e4den an Soft- oder Hardware oder Verm\u00f6genssch\u00e4den, die durch die Nutzung der Daten entstehen.<\/p>\n<\/span>\n\t\t\t\n\t\t\t\n\t\t<\/div>\n\t\t\t\t\t\t<\/div>\n\t\t\t\t<\/div>\n\t\t\t\t<div class=\"elementor-element elementor-element-6c1eeed elementor-button-align-stretch elementor-widget elementor-widget-form\" data-id=\"6c1eeed\" data-element_type=\"widget\" data-e-type=\"widget\" data-settings=\"{&quot;step_next_label&quot;:&quot;Next&quot;,&quot;step_previous_label&quot;:&quot;Previous&quot;,&quot;step_type&quot;:&quot;number_text&quot;,&quot;step_icon_shape&quot;:&quot;circle&quot;}\" data-widget_type=\"form.default\">\n\t\t\t\t<div class=\"elementor-widget-container\">\n\t\t\t\t\t\t\t<form class=\"elementor-form\" method=\"post\" name=\"New Form\" aria-label=\"New Form\">\n\t\t\t<input type=\"hidden\" name=\"post_id\" value=\"2578\"\/>\n\t\t\t<input type=\"hidden\" name=\"form_id\" value=\"6c1eeed\"\/>\n\t\t\t<input type=\"hidden\" name=\"referer_title\" value=\"\" \/>\n\n\t\t\t\n\t\t\t<div class=\"elementor-form-fields-wrapper elementor-labels-above\">\n\t\t\t\t\t\t\t\t<div class=\"elementor-field-type-acceptance elementor-field-group elementor-column elementor-field-group-name elementor-col-100 elementor-field-required\">\n\t\t\t\t\t\t\t<div class=\"elementor-field-subgroup\">\n\t\t\t<span class=\"elementor-field-option\">\n\t\t\t\t<input type=\"checkbox\" name=\"form_fields[name]\" id=\"form-field-name\" class=\"elementor-field elementor-size-md  elementor-acceptance-field\" required=\"required\">\n\t\t\t\t<label for=\"form-field-name\">Accept<\/label>\t\t\t<\/span>\n\t\t<\/div>\n\t\t\t\t\t\t<\/div>\n\t\t\t\t\t\t\t\t<div class=\"elementor-field-group elementor-column elementor-field-type-submit elementor-col-100 e-form__buttons\">\n\t\t\t\t\t<button class=\"elementor-button elementor-size-sm\" type=\"submit\">\n\t\t\t\t\t\t<span class=\"elementor-button-content-wrapper\">\n\t\t\t\t\t\t\t\t\t\t\t\t\t\t\t<span class=\"elementor-button-icon\">\n\t\t\t\t\t\t\t\t\t<i aria-hidden=\"true\" class=\"far fa-arrow-alt-circle-right\"><\/i>\t\t\t\t\t\t\t\t\t\t\t\t\t\t\t\t\t<\/span>\n\t\t\t\t\t\t\t\t\t\t\t\t\t\t\t\t\t\t\t\t\t\t<span class=\"elementor-button-text\">Weiter zur CAD-Bibliothek<\/span>\n\t\t\t\t\t\t\t\t\t\t\t\t\t<\/span>\n\t\t\t\t\t<\/button>\n\t\t\t\t<\/div>\n\t\t\t<\/div>\n\t\t<\/form>\n\t\t\t\t\t\t<\/div>\n\t\t\t\t<\/div>\n\t\t\t\t\t<\/div>\n\t\t<\/div>\n\t\t\t\t\t<\/div>\n\t\t<\/section>\n\t\t\t\t<\/div>\n\t\t","protected":false},"excerpt":{"rendered":"<p>WICHTIGE INFORMATIONEN F\u00fcr die Einbindung der Datens\u00e4tze in Ihre Implantatbibliothek sowie dem weiteren Umgang dieser Datens\u00e4tze sind Sie als Anwender bzw. der Anbieter Ihres CAD\/CAM Systems verantwortlich. Jeglicher Support l\u00e4uft weiterhin \u00fcber Ihren Software-Anbieter. Bitte beachten Sie, dass Ihre Konstruktion durch die Bet\u00e4tigung des &#8222;upload Buttons&#8220; in Ihrer Konstruktionssoftware an Ihr hinterlegtes Fr\u00e4szentrum weitergeleitet wird, [&hellip;]<\/p>\n","protected":false},"author":1,"featured_media":0,"parent":0,"menu_order":41,"comment_status":"closed","ping_status":"closed","template":"","meta":{"footnotes":""},"class_list":["post-2578","page","type-page","status-publish","hentry"],"_links":{"self":[{"href":"https:\/\/bredent-group.com\/de\/wp-json\/wp\/v2\/pages\/2578","targetHints":{"allow":["GET"]}}],"collection":[{"href":"https:\/\/bredent-group.com\/de\/wp-json\/wp\/v2\/pages"}],"about":[{"href":"https:\/\/bredent-group.com\/de\/wp-json\/wp\/v2\/types\/page"}],"author":[{"embeddable":true,"href":"https:\/\/bredent-group.com\/de\/wp-json\/wp\/v2\/users\/1"}],"replies":[{"embeddable":true,"href":"https:\/\/bredent-group.com\/de\/wp-json\/wp\/v2\/comments?post=2578"}],"version-history":[{"count":0,"href":"https:\/\/bredent-group.com\/de\/wp-json\/wp\/v2\/pages\/2578\/revisions"}],"wp:attachment":[{"href":"https:\/\/bredent-group.com\/de\/wp-json\/wp\/v2\/media?parent=2578"}],"curies":[{"name":"wp","href":"https:\/\/api.w.org\/{rel}","templated":true}]}}