{"id":31107,"date":"2023-03-03T11:53:55","date_gmt":"2023-03-03T10:53:55","guid":{"rendered":"https:\/\/bredent-group.com\/bredent-2\/"},"modified":"2026-03-19T11:33:53","modified_gmt":"2026-03-19T10:33:53","slug":"bredent","status":"publish","type":"page","link":"https:\/\/bredent-group.com\/de\/bredent\/","title":{"rendered":"bredent"},"content":{"rendered":"\t\t<div data-elementor-type=\"wp-page\" data-elementor-id=\"31107\" class=\"elementor elementor-31107 elementor-30890\" data-elementor-post-type=\"page\">\n\t\t\t\t<div class=\"elementor-element elementor-element-640b7b2 e-con-full e-flex e-con e-parent\" data-id=\"640b7b2\" data-element_type=\"container\" data-e-type=\"container\">\n\t\t<div class=\"elementor-element elementor-element-3aa16a7 e-con-full e-flex e-con e-child\" data-id=\"3aa16a7\" data-element_type=\"container\" data-e-type=\"container\" data-settings=\"{&quot;background_background&quot;:&quot;classic&quot;,&quot;shape_divider_bottom&quot;:&quot;triangle&quot;,&quot;shape_divider_bottom_negative&quot;:&quot;yes&quot;}\">\n\t\t\t\t<div class=\"elementor-shape elementor-shape-bottom\" aria-hidden=\"true\" data-negative=\"true\">\n\t\t\t<svg xmlns=\"http:\/\/www.w3.org\/2000\/svg\" viewBox=\"0 0 1000 100\" preserveAspectRatio=\"none\">\n\t<path class=\"elementor-shape-fill\" d=\"M500.2,94.7L0,0v100h1000V0L500.2,94.7z\"\/>\n<\/svg>\t\t<\/div>\n\t\t\t\t<div class=\"elementor-element elementor-element-94364d9 elementor-widget elementor-widget-image\" data-id=\"94364d9\" data-element_type=\"widget\" data-e-type=\"widget\" data-widget_type=\"image.default\">\n\t\t\t\t<div class=\"elementor-widget-container\">\n\t\t\t\t\t\t\t\t\t\t\t\t\t\t\t<img fetchpriority=\"high\" decoding=\"async\" width=\"5389\" height=\"1234\" src=\"https:\/\/bredent-group.com\/wp-content\/uploads\/2023\/03\/bredent-White-Logo-PNG-file.png\" class=\"attachment-full size-full wp-image-31087\" alt=\"\" srcset=\"https:\/\/bredent-group.com\/wp-content\/uploads\/2023\/03\/bredent-White-Logo-PNG-file.png 5389w, https:\/\/bredent-group.com\/wp-content\/uploads\/2023\/03\/bredent-White-Logo-PNG-file-300x69.png 300w, https:\/\/bredent-group.com\/wp-content\/uploads\/2023\/03\/bredent-White-Logo-PNG-file-1024x234.png 1024w, https:\/\/bredent-group.com\/wp-content\/uploads\/2023\/03\/bredent-White-Logo-PNG-file-768x176.png 768w, https:\/\/bredent-group.com\/wp-content\/uploads\/2023\/03\/bredent-White-Logo-PNG-file-1536x352.png 1536w, https:\/\/bredent-group.com\/wp-content\/uploads\/2023\/03\/bredent-White-Logo-PNG-file-2048x469.png 2048w\" sizes=\"(max-width: 5389px) 100vw, 5389px\" \/>\t\t\t\t\t\t\t\t\t\t\t\t\t\t\t<\/div>\n\t\t\t\t<\/div>\n\t\t\t\t<\/div>\n\t\t\t\t<\/div>\n\t\t<div class=\"elementor-element elementor-element-3412d6c e-flex e-con-boxed e-con e-parent\" data-id=\"3412d6c\" data-element_type=\"container\" data-e-type=\"container\">\n\t\t\t\t\t<div class=\"e-con-inner\">\n\t\t<div class=\"elementor-element elementor-element-dd4a002 e-flex e-con-boxed e-con e-child\" data-id=\"dd4a002\" data-element_type=\"container\" data-e-type=\"container\">\n\t\t\t\t\t<div class=\"e-con-inner\">\n\t\t<div class=\"elementor-element elementor-element-7d3f052 e-con-full e-flex e-con e-child\" data-id=\"7d3f052\" data-element_type=\"container\" data-e-type=\"container\" data-settings=\"{&quot;background_background&quot;:&quot;classic&quot;}\">\n\t\t\t\t<div class=\"elementor-element elementor-element-f7abc4a elementor-widget elementor-widget-image\" data-id=\"f7abc4a\" data-element_type=\"widget\" data-e-type=\"widget\" data-widget_type=\"image.default\">\n\t\t\t\t<div class=\"elementor-widget-container\">\n\t\t\t\t\t\t\t\t\t\t\t\t\t\t\t<img decoding=\"async\" width=\"1000\" height=\"625\" src=\"https:\/\/bredent-group.com\/wp-content\/uploads\/2023\/02\/visio.lign-background.jpg\" class=\"attachment-full size-full wp-image-29850\" alt=\"\" srcset=\"https:\/\/bredent-group.com\/wp-content\/uploads\/2023\/02\/visio.lign-background.jpg 1000w, https:\/\/bredent-group.com\/wp-content\/uploads\/2023\/02\/visio.lign-background-300x188.jpg 300w, https:\/\/bredent-group.com\/wp-content\/uploads\/2023\/02\/visio.lign-background-768x480.jpg 768w\" sizes=\"(max-width: 1000px) 100vw, 1000px\" \/>\t\t\t\t\t\t\t\t\t\t\t\t\t\t\t<\/div>\n\t\t\t\t<\/div>\n\t\t\t\t<\/div>\n\t\t<div class=\"elementor-element elementor-element-ccacf68 e-con-full e-flex e-con e-child\" data-id=\"ccacf68\" data-element_type=\"container\" data-e-type=\"container\" data-settings=\"{&quot;background_background&quot;:&quot;classic&quot;}\">\n\t\t\t\t<div class=\"elementor-element elementor-element-0c2e766 elementor-widget elementor-widget-image\" data-id=\"0c2e766\" data-element_type=\"widget\" data-e-type=\"widget\" data-widget_type=\"image.default\">\n\t\t\t\t<div class=\"elementor-widget-container\">\n\t\t\t\t\t\t\t\t\t\t\t\t\t\t\t<img decoding=\"async\" width=\"4252\" height=\"782\" src=\"https:\/\/bredent-group.com\/wp-content\/uploads\/2023\/02\/visio.lign-Orange-Logo-PNG-file.png\" class=\"attachment-full size-full wp-image-29856\" alt=\"\" srcset=\"https:\/\/bredent-group.com\/wp-content\/uploads\/2023\/02\/visio.lign-Orange-Logo-PNG-file.png 4252w, https:\/\/bredent-group.com\/wp-content\/uploads\/2023\/02\/visio.lign-Orange-Logo-PNG-file-300x55.png 300w, https:\/\/bredent-group.com\/wp-content\/uploads\/2023\/02\/visio.lign-Orange-Logo-PNG-file-1024x188.png 1024w, https:\/\/bredent-group.com\/wp-content\/uploads\/2023\/02\/visio.lign-Orange-Logo-PNG-file-768x141.png 768w, https:\/\/bredent-group.com\/wp-content\/uploads\/2023\/02\/visio.lign-Orange-Logo-PNG-file-1536x282.png 1536w, https:\/\/bredent-group.com\/wp-content\/uploads\/2023\/02\/visio.lign-Orange-Logo-PNG-file-2048x377.png 2048w\" sizes=\"(max-width: 4252px) 100vw, 4252px\" \/>\t\t\t\t\t\t\t\t\t\t\t\t\t\t\t<\/div>\n\t\t\t\t<\/div>\n\t\t\t\t<div class=\"elementor-element elementor-element-3dbcadf elementor-widget elementor-widget-heading\" data-id=\"3dbcadf\" data-element_type=\"widget\" data-e-type=\"widget\" data-widget_type=\"heading.default\">\n\t\t\t\t<div class=\"elementor-widget-container\">\n\t\t\t\t\t<h2 class=\"elementor-heading-title elementor-size-default\">Das \u00c4sthetik und Funktionssystem<\/h2>\t\t\t\t<\/div>\n\t\t\t\t<\/div>\n\t\t\t\t<div class=\"elementor-element elementor-element-50b356c elementor-align-center elementor-widget elementor-widget-button\" data-id=\"50b356c\" data-element_type=\"widget\" data-e-type=\"widget\" data-widget_type=\"button.default\">\n\t\t\t\t<div class=\"elementor-widget-container\">\n\t\t\t\t\t\t\t\t\t<div class=\"elementor-button-wrapper\">\n\t\t\t\t\t<a class=\"elementor-button elementor-button-link elementor-size-sm\" href=\"https:\/\/www.visiolign.com\/de\/\" target=\"_blank\" rel=\"noopener\">\n\t\t\t\t\t\t<span class=\"elementor-button-content-wrapper\">\n\t\t\t\t\t\t<span class=\"elementor-button-icon\">\n\t\t\t\t<i aria-hidden=\"true\" class=\"fas fa-arrow-alt-circle-right\"><\/i>\t\t\t<\/span>\n\t\t\t\t\t\t\t\t\t<span class=\"elementor-button-text\">visio.lign.com<\/span>\n\t\t\t\t\t<\/span>\n\t\t\t\t\t<\/a>\n\t\t\t\t<\/div>\n\t\t\t\t\t\t\t\t<\/div>\n\t\t\t\t<\/div>\n\t\t\t\t<div class=\"elementor-element elementor-element-fe7f647 elementor-align-center elementor-widget elementor-widget-button\" data-id=\"fe7f647\" data-element_type=\"widget\" data-e-type=\"widget\" data-widget_type=\"button.default\">\n\t\t\t\t<div class=\"elementor-widget-container\">\n\t\t\t\t\t\t\t\t\t<div class=\"elementor-button-wrapper\">\n\t\t\t\t\t<a class=\"elementor-button elementor-button-link elementor-size-sm\" href=\"https:\/\/shop.bredent.com\/\" target=\"_blank\" rel=\"noopener\">\n\t\t\t\t\t\t<span class=\"elementor-button-content-wrapper\">\n\t\t\t\t\t\t<span class=\"elementor-button-icon\">\n\t\t\t\t<i aria-hidden=\"true\" class=\"fas fa-arrow-alt-circle-right\"><\/i>\t\t\t<\/span>\n\t\t\t\t\t\t\t\t\t<span class=\"elementor-button-text\">Shop visio.lign<\/span>\n\t\t\t\t\t<\/span>\n\t\t\t\t\t<\/a>\n\t\t\t\t<\/div>\n\t\t\t\t\t\t\t\t<\/div>\n\t\t\t\t<\/div>\n\t\t\t\t<\/div>\n\t\t\t\t\t<\/div>\n\t\t\t\t<\/div>\n\t\t\t\t\t<\/div>\n\t\t\t\t<\/div>\n\t\t<div class=\"elementor-element elementor-element-717589d e-flex e-con-boxed e-con e-parent\" data-id=\"717589d\" data-element_type=\"container\" data-e-type=\"container\">\n\t\t\t\t\t<div class=\"e-con-inner\">\n\t\t<div class=\"elementor-element elementor-element-44e4b67 e-flex e-con-boxed e-con e-child\" data-id=\"44e4b67\" data-element_type=\"container\" data-e-type=\"container\">\n\t\t\t\t\t<div class=\"e-con-inner\">\n\t\t<div class=\"elementor-element elementor-element-47a524e e-con-full e-flex e-con e-child\" data-id=\"47a524e\" data-element_type=\"container\" data-e-type=\"container\" data-settings=\"{&quot;background_background&quot;:&quot;classic&quot;}\">\n\t\t\t\t<div class=\"elementor-element elementor-element-fc5c69f elementor-widget elementor-widget-image\" data-id=\"fc5c69f\" data-element_type=\"widget\" data-e-type=\"widget\" data-widget_type=\"image.default\">\n\t\t\t\t<div class=\"elementor-widget-container\">\n\t\t\t\t\t\t\t\t\t\t\t\t\t\t\t<img loading=\"lazy\" decoding=\"async\" width=\"700\" height=\"525\" src=\"https:\/\/bredent-group.com\/wp-content\/uploads\/2025\/06\/toolkit-zircon-news.jpg\" class=\"attachment-full size-full wp-image-51889\" alt=\"\" srcset=\"https:\/\/bredent-group.com\/wp-content\/uploads\/2025\/06\/toolkit-zircon-news.jpg 700w, https:\/\/bredent-group.com\/wp-content\/uploads\/2025\/06\/toolkit-zircon-news-300x225.jpg 300w\" sizes=\"(max-width: 700px) 100vw, 700px\" \/>\t\t\t\t\t\t\t\t\t\t\t\t\t\t\t<\/div>\n\t\t\t\t<\/div>\n\t\t\t\t<\/div>\n\t\t<div class=\"elementor-element elementor-element-d7e850d e-con-full e-flex e-con e-child\" data-id=\"d7e850d\" data-element_type=\"container\" data-e-type=\"container\" data-settings=\"{&quot;background_background&quot;:&quot;classic&quot;}\">\n\t\t\t\t<div class=\"elementor-element elementor-element-142cee7 elementor-widget elementor-widget-heading\" data-id=\"142cee7\" data-element_type=\"widget\" data-e-type=\"widget\" data-widget_type=\"heading.default\">\n\t\t\t\t<div class=\"elementor-widget-container\">\n\t\t\t\t\t<h2 class=\"elementor-heading-title elementor-size-default\">Zircon Toolkits<\/h2>\t\t\t\t<\/div>\n\t\t\t\t<\/div>\n\t\t\t\t<div class=\"elementor-element elementor-element-d16a902 elementor-widget elementor-widget-heading\" data-id=\"d16a902\" data-element_type=\"widget\" data-e-type=\"widget\" data-widget_type=\"heading.default\">\n\t\t\t\t<div class=\"elementor-widget-container\">\n\t\t\t\t\t<h2 class=\"elementor-heading-title elementor-size-default\">Spitzenl\u00f6sungen f\u00fcr Zahntechniker<br>\nIhr Werkzeug f\u00fcr perfekte Oberfl\u00e4chen <\/h2>\t\t\t\t<\/div>\n\t\t\t\t<\/div>\n\t\t\t\t<div class=\"elementor-element elementor-element-ef43f05 elementor-align-center elementor-widget elementor-widget-button\" data-id=\"ef43f05\" data-element_type=\"widget\" data-e-type=\"widget\" data-widget_type=\"button.default\">\n\t\t\t\t<div class=\"elementor-widget-container\">\n\t\t\t\t\t\t\t\t\t<div class=\"elementor-button-wrapper\">\n\t\t\t\t\t<a class=\"elementor-button elementor-button-link elementor-size-sm\" href=\"https:\/\/bredent-group.com\/de\/toolkit-zircon\/\">\n\t\t\t\t\t\t<span class=\"elementor-button-content-wrapper\">\n\t\t\t\t\t\t<span class=\"elementor-button-icon\">\n\t\t\t\t<i aria-hidden=\"true\" class=\"fas fa-arrow-alt-circle-right\"><\/i>\t\t\t<\/span>\n\t\t\t\t\t\t\t\t\t<span class=\"elementor-button-text\">Mehr erfahren<\/span>\n\t\t\t\t\t<\/span>\n\t\t\t\t\t<\/a>\n\t\t\t\t<\/div>\n\t\t\t\t\t\t\t\t<\/div>\n\t\t\t\t<\/div>\n\t\t\t\t<\/div>\n\t\t\t\t\t<\/div>\n\t\t\t\t<\/div>\n\t\t\t\t\t<\/div>\n\t\t\t\t<\/div>\n\t\t<div class=\"elementor-element elementor-element-08357bf e-flex e-con-boxed e-con e-parent\" data-id=\"08357bf\" data-element_type=\"container\" data-e-type=\"container\">\n\t\t\t\t\t<div class=\"e-con-inner\">\n\t\t<div class=\"elementor-element elementor-element-0dc19da e-flex e-con-boxed e-con e-child\" data-id=\"0dc19da\" data-element_type=\"container\" data-e-type=\"container\">\n\t\t\t\t\t<div class=\"e-con-inner\">\n\t\t<div class=\"elementor-element elementor-element-3bf2fe7 e-con-full e-flex e-con e-child\" data-id=\"3bf2fe7\" data-element_type=\"container\" data-e-type=\"container\" data-settings=\"{&quot;background_background&quot;:&quot;classic&quot;}\">\n\t\t\t\t<div class=\"elementor-element elementor-element-34236c0 elementor-widget elementor-widget-image\" data-id=\"34236c0\" data-element_type=\"widget\" data-e-type=\"widget\" data-widget_type=\"image.default\">\n\t\t\t\t<div class=\"elementor-widget-container\">\n\t\t\t\t\t\t\t\t\t\t\t\t\t\t\t<img loading=\"lazy\" decoding=\"async\" width=\"700\" height=\"302\" src=\"https:\/\/bredent-group.com\/wp-content\/uploads\/2023\/06\/blanks.png\" class=\"attachment-full size-full wp-image-33269\" alt=\"\" srcset=\"https:\/\/bredent-group.com\/wp-content\/uploads\/2023\/06\/blanks.png 700w, https:\/\/bredent-group.com\/wp-content\/uploads\/2023\/06\/blanks-300x129.png 300w\" sizes=\"(max-width: 700px) 100vw, 700px\" \/>\t\t\t\t\t\t\t\t\t\t\t\t\t\t\t<\/div>\n\t\t\t\t<\/div>\n\t\t\t\t<\/div>\n\t\t<div class=\"elementor-element elementor-element-b652517 e-con-full e-flex e-con e-child\" data-id=\"b652517\" data-element_type=\"container\" data-e-type=\"container\" data-settings=\"{&quot;background_background&quot;:&quot;classic&quot;}\">\n\t\t\t\t<div class=\"elementor-element elementor-element-f6387ee elementor-widget elementor-widget-heading\" data-id=\"f6387ee\" data-element_type=\"widget\" data-e-type=\"widget\" data-widget_type=\"heading.default\">\n\t\t\t\t<div class=\"elementor-widget-container\">\n\t\t\t\t\t<h2 class=\"elementor-heading-title elementor-size-default\">Bionische Werkstoffe<\/h2>\t\t\t\t<\/div>\n\t\t\t\t<\/div>\n\t\t\t\t<div class=\"elementor-element elementor-element-36dd22e elementor-widget elementor-widget-heading\" data-id=\"36dd22e\" data-element_type=\"widget\" data-e-type=\"widget\" data-widget_type=\"heading.default\">\n\t\t\t\t<div class=\"elementor-widget-container\">\n\t\t\t\t\t<h2 class=\"elementor-heading-title elementor-size-default\">Seit \u00fcber 15 Jahren kompetent im Bereich Polymere sind wir Ihr Partner f\u00fcr biokompatible, physiologische und Patientenfreundliche definitive Versorgungen in Kunststoff<\/h2>\t\t\t\t<\/div>\n\t\t\t\t<\/div>\n\t\t\t\t<div class=\"elementor-element elementor-element-738aa96 elementor-align-center elementor-widget elementor-widget-button\" data-id=\"738aa96\" data-element_type=\"widget\" data-e-type=\"widget\" data-widget_type=\"button.default\">\n\t\t\t\t<div class=\"elementor-widget-container\">\n\t\t\t\t\t\t\t\t\t<div class=\"elementor-button-wrapper\">\n\t\t\t\t\t<a class=\"elementor-button elementor-button-link elementor-size-sm\" href=\"https:\/\/bredent-group.com\/de\/digital-workflow\/bionische-werkstoffe\/\">\n\t\t\t\t\t\t<span class=\"elementor-button-content-wrapper\">\n\t\t\t\t\t\t<span class=\"elementor-button-icon\">\n\t\t\t\t<i aria-hidden=\"true\" class=\"fas fa-arrow-alt-circle-right\"><\/i>\t\t\t<\/span>\n\t\t\t\t\t\t\t\t\t<span class=\"elementor-button-text\">Mehr erfahren<\/span>\n\t\t\t\t\t<\/span>\n\t\t\t\t\t<\/a>\n\t\t\t\t<\/div>\n\t\t\t\t\t\t\t\t<\/div>\n\t\t\t\t<\/div>\n\t\t\t\t<\/div>\n\t\t\t\t\t<\/div>\n\t\t\t\t<\/div>\n\t\t\t\t\t<\/div>\n\t\t\t\t<\/div>\n\t\t<div class=\"elementor-element elementor-element-33b24ed e-flex e-con-boxed e-con e-parent\" data-id=\"33b24ed\" data-element_type=\"container\" data-e-type=\"container\">\n\t\t\t\t\t<div class=\"e-con-inner\">\n\t\t<div class=\"elementor-element elementor-element-2cd41a0 e-con-full e-flex e-con e-child\" data-id=\"2cd41a0\" data-element_type=\"container\" data-e-type=\"container\" data-settings=\"{&quot;background_background&quot;:&quot;classic&quot;}\">\n\t\t\t\t<div class=\"elementor-element elementor-element-4c1dbda elementor-widget elementor-widget-image\" data-id=\"4c1dbda\" data-element_type=\"widget\" data-e-type=\"widget\" data-widget_type=\"image.default\">\n\t\t\t\t<div class=\"elementor-widget-container\">\n\t\t\t\t\t\t\t\t\t\t\t\t\t\t\t<img loading=\"lazy\" decoding=\"async\" width=\"1150\" height=\"453\" src=\"https:\/\/bredent-group.com\/wp-content\/uploads\/2026\/03\/brePRINT-products-bredent-group.png\" class=\"attachment-full size-full wp-image-55502\" alt=\"\" srcset=\"https:\/\/bredent-group.com\/wp-content\/uploads\/2026\/03\/brePRINT-products-bredent-group.png 1150w, https:\/\/bredent-group.com\/wp-content\/uploads\/2026\/03\/brePRINT-products-bredent-group-300x118.png 300w, https:\/\/bredent-group.com\/wp-content\/uploads\/2026\/03\/brePRINT-products-bredent-group-1024x403.png 1024w, https:\/\/bredent-group.com\/wp-content\/uploads\/2026\/03\/brePRINT-products-bredent-group-768x303.png 768w\" sizes=\"(max-width: 1150px) 100vw, 1150px\" \/>\t\t\t\t\t\t\t\t\t\t\t\t\t\t\t<\/div>\n\t\t\t\t<\/div>\n\t\t\t\t<\/div>\n\t\t<div class=\"elementor-element elementor-element-75ec303 e-con-full e-flex e-con e-child\" data-id=\"75ec303\" data-element_type=\"container\" data-e-type=\"container\" data-settings=\"{&quot;background_background&quot;:&quot;classic&quot;}\">\n\t\t\t\t<div class=\"elementor-element elementor-element-5f93979 elementor-widget elementor-widget-image\" data-id=\"5f93979\" data-element_type=\"widget\" data-e-type=\"widget\" data-widget_type=\"image.default\">\n\t\t\t\t<div class=\"elementor-widget-container\">\n\t\t\t\t\t\t\t\t\t\t\t\t\t\t\t<img loading=\"lazy\" decoding=\"async\" width=\"800\" height=\"360\" src=\"https:\/\/bredent-group.com\/wp-content\/uploads\/2024\/03\/brePRINT-logo.png\" class=\"attachment-full size-full wp-image-41980\" alt=\"\" srcset=\"https:\/\/bredent-group.com\/wp-content\/uploads\/2024\/03\/brePRINT-logo.png 800w, https:\/\/bredent-group.com\/wp-content\/uploads\/2024\/03\/brePRINT-logo-300x135.png 300w, https:\/\/bredent-group.com\/wp-content\/uploads\/2024\/03\/brePRINT-logo-768x346.png 768w\" sizes=\"(max-width: 800px) 100vw, 800px\" \/>\t\t\t\t\t\t\t\t\t\t\t\t\t\t\t<\/div>\n\t\t\t\t<\/div>\n\t\t\t\t<div class=\"elementor-element elementor-element-8f25613 elementor-widget elementor-widget-heading\" data-id=\"8f25613\" data-element_type=\"widget\" data-e-type=\"widget\" data-widget_type=\"heading.default\">\n\t\t\t\t<div class=\"elementor-widget-container\">\n\t\t\t\t\t<h2 class=\"elementor-heading-title elementor-size-default\">Ihr zuverl\u00e4ssiger Partner f\u00fcr<br> hochwertige dentale 3D Drucke<\/h2>\t\t\t\t<\/div>\n\t\t\t\t<\/div>\n\t\t\t\t<div class=\"elementor-element elementor-element-0c29e64 elementor-align-center elementor-widget elementor-widget-button\" data-id=\"0c29e64\" data-element_type=\"widget\" data-e-type=\"widget\" data-widget_type=\"button.default\">\n\t\t\t\t<div class=\"elementor-widget-container\">\n\t\t\t\t\t\t\t\t\t<div class=\"elementor-button-wrapper\">\n\t\t\t\t\t<a class=\"elementor-button elementor-button-link elementor-size-sm\" href=\"https:\/\/bredent-group.com\/de\/breprint\/\">\n\t\t\t\t\t\t<span class=\"elementor-button-content-wrapper\">\n\t\t\t\t\t\t<span class=\"elementor-button-icon\">\n\t\t\t\t<i aria-hidden=\"true\" class=\"fas fa-arrow-alt-circle-right\"><\/i>\t\t\t<\/span>\n\t\t\t\t\t\t\t\t\t<span class=\"elementor-button-text\">Mehr erfahren<\/span>\n\t\t\t\t\t<\/span>\n\t\t\t\t\t<\/a>\n\t\t\t\t<\/div>\n\t\t\t\t\t\t\t\t<\/div>\n\t\t\t\t<\/div>\n\t\t\t\t<\/div>\n\t\t\t\t\t<\/div>\n\t\t\t\t<\/div>\n\t\t<div class=\"elementor-element elementor-element-896e74c e-flex e-con-boxed e-con e-parent\" data-id=\"896e74c\" data-element_type=\"container\" data-e-type=\"container\">\n\t\t\t\t\t<div class=\"e-con-inner\">\n\t\t<div class=\"elementor-element elementor-element-cfccc6d e-con-full e-flex e-con e-child\" data-id=\"cfccc6d\" data-element_type=\"container\" data-e-type=\"container\" data-settings=\"{&quot;background_background&quot;:&quot;classic&quot;}\">\n\t\t\t\t<\/div>\n\t\t<div class=\"elementor-element elementor-element-fa25eb7 e-con-full e-flex e-con e-child\" data-id=\"fa25eb7\" data-element_type=\"container\" data-e-type=\"container\" data-settings=\"{&quot;background_background&quot;:&quot;classic&quot;}\">\n\t\t\t\t<div class=\"elementor-element elementor-element-a8af393 elementor-widget elementor-widget-image\" data-id=\"a8af393\" data-element_type=\"widget\" data-e-type=\"widget\" data-widget_type=\"image.default\">\n\t\t\t\t<div class=\"elementor-widget-container\">\n\t\t\t\t\t\t\t\t\t\t\t\t\t\t\t<img loading=\"lazy\" decoding=\"async\" width=\"1311\" height=\"188\" src=\"https:\/\/bredent-group.com\/wp-content\/uploads\/2023\/06\/RevoCone-logo-transparent.png\" class=\"attachment-full size-full wp-image-33312\" alt=\"\" srcset=\"https:\/\/bredent-group.com\/wp-content\/uploads\/2023\/06\/RevoCone-logo-transparent.png 1311w, https:\/\/bredent-group.com\/wp-content\/uploads\/2023\/06\/RevoCone-logo-transparent-300x43.png 300w, https:\/\/bredent-group.com\/wp-content\/uploads\/2023\/06\/RevoCone-logo-transparent-1024x147.png 1024w, https:\/\/bredent-group.com\/wp-content\/uploads\/2023\/06\/RevoCone-logo-transparent-768x110.png 768w\" sizes=\"(max-width: 1311px) 100vw, 1311px\" \/>\t\t\t\t\t\t\t\t\t\t\t\t\t\t\t<\/div>\n\t\t\t\t<\/div>\n\t\t\t\t<div class=\"elementor-element elementor-element-e7e7236 elementor-widget elementor-widget-heading\" data-id=\"e7e7236\" data-element_type=\"widget\" data-e-type=\"widget\" data-widget_type=\"heading.default\">\n\t\t\t\t<div class=\"elementor-widget-container\">\n\t\t\t\t\t<h2 class=\"elementor-heading-title elementor-size-default\">Die herausnehmbare Br\u00fccke<\/h2>\t\t\t\t<\/div>\n\t\t\t\t<\/div>\n\t\t\t\t<div class=\"elementor-element elementor-element-207c3cd elementor-align-center elementor-widget elementor-widget-button\" data-id=\"207c3cd\" data-element_type=\"widget\" data-e-type=\"widget\" data-widget_type=\"button.default\">\n\t\t\t\t<div class=\"elementor-widget-container\">\n\t\t\t\t\t\t\t\t\t<div class=\"elementor-button-wrapper\">\n\t\t\t\t\t<a class=\"elementor-button elementor-button-link elementor-size-sm\" href=\"https:\/\/bredent-group.com\/de\/revocone\/\">\n\t\t\t\t\t\t<span class=\"elementor-button-content-wrapper\">\n\t\t\t\t\t\t<span class=\"elementor-button-icon\">\n\t\t\t\t<i aria-hidden=\"true\" class=\"fas fa-arrow-alt-circle-right\"><\/i>\t\t\t<\/span>\n\t\t\t\t\t\t\t\t\t<span class=\"elementor-button-text\">Mehr erfahren<\/span>\n\t\t\t\t\t<\/span>\n\t\t\t\t\t<\/a>\n\t\t\t\t<\/div>\n\t\t\t\t\t\t\t\t<\/div>\n\t\t\t\t<\/div>\n\t\t\t\t<\/div>\n\t\t\t\t\t<\/div>\n\t\t\t\t<\/div>\n\t\t\t\t<\/div>\n\t\t","protected":false},"excerpt":{"rendered":"<p>Das \u00c4sthetik und Funktionssystem visio.lign.com Shop visio.lign Zircon Toolkits Spitzenl\u00f6sungen f\u00fcr Zahntechniker Ihr Werkzeug f\u00fcr perfekte Oberfl\u00e4chen Mehr erfahren Bionische Werkstoffe Seit \u00fcber 15 Jahren kompetent im Bereich Polymere sind wir Ihr Partner f\u00fcr biokompatible, physiologische und Patientenfreundliche definitive Versorgungen in Kunststoff Mehr erfahren Ihr zuverl\u00e4ssiger Partner f\u00fcr hochwertige dentale 3D Drucke Mehr erfahren Die [&hellip;]<\/p>\n","protected":false},"author":1,"featured_media":0,"parent":0,"menu_order":2,"comment_status":"closed","ping_status":"closed","template":"","meta":{"footnotes":""},"class_list":["post-31107","page","type-page","status-publish","hentry"],"_links":{"self":[{"href":"https:\/\/bredent-group.com\/de\/wp-json\/wp\/v2\/pages\/31107","targetHints":{"allow":["GET"]}}],"collection":[{"href":"https:\/\/bredent-group.com\/de\/wp-json\/wp\/v2\/pages"}],"about":[{"href":"https:\/\/bredent-group.com\/de\/wp-json\/wp\/v2\/types\/page"}],"author":[{"embeddable":true,"href":"https:\/\/bredent-group.com\/de\/wp-json\/wp\/v2\/users\/1"}],"replies":[{"embeddable":true,"href":"https:\/\/bredent-group.com\/de\/wp-json\/wp\/v2\/comments?post=31107"}],"version-history":[{"count":10,"href":"https:\/\/bredent-group.com\/de\/wp-json\/wp\/v2\/pages\/31107\/revisions"}],"predecessor-version":[{"id":55548,"href":"https:\/\/bredent-group.com\/de\/wp-json\/wp\/v2\/pages\/31107\/revisions\/55548"}],"wp:attachment":[{"href":"https:\/\/bredent-group.com\/de\/wp-json\/wp\/v2\/media?parent=31107"}],"curies":[{"name":"wp","href":"https:\/\/api.w.org\/{rel}","templated":true}]}}