{"id":56226,"date":"2026-05-04T15:43:41","date_gmt":"2026-05-04T13:43:41","guid":{"rendered":"https:\/\/bredent-group.com\/?page_id=56226"},"modified":"2026-05-05T09:31:36","modified_gmt":"2026-05-05T07:31:36","slug":"newsletter","status":"publish","type":"page","link":"https:\/\/bredent-group.com\/de\/newsletter\/","title":{"rendered":"Newsletter"},"content":{"rendered":"\t\t<div data-elementor-type=\"wp-page\" data-elementor-id=\"56226\" class=\"elementor elementor-56226\" data-elementor-post-type=\"page\">\n\t\t\t\t<div class=\"elementor-element elementor-element-f6380a8 e-flex e-con-boxed e-con e-parent\" data-id=\"f6380a8\" data-element_type=\"container\" data-e-type=\"container\">\n\t\t\t\t\t<div class=\"e-con-inner\">\n\t\t\t\t<div class=\"elementor-element elementor-element-5f73b2b elementor-widget elementor-widget-shortcode\" data-id=\"5f73b2b\" data-element_type=\"widget\" data-e-type=\"widget\" data-widget_type=\"shortcode.default\">\n\t\t\t\t<div class=\"elementor-widget-container\">\n\t\t\t\t\t\t\t<div class=\"elementor-shortcode\"><!-- Begin Brevo Form -->\n<!-- START - We recommend to place the below code in head tag of your website html  -->\n<style>\n  @font-face {\n    font-display: block;\n    font-family: Roboto;\n    src: url(https:\/\/assets.brevo.com\/font\/Roboto\/Latin\/normal\/normal\/7529907e9eaf8ebb5220c5f9850e3811.woff2) format(\"woff2\"), url(https:\/\/assets.brevo.com\/font\/Roboto\/Latin\/normal\/normal\/25c678feafdc175a70922a116c9be3e7.woff) format(\"woff\")\n  }\n\n  @font-face {\n    font-display: fallback;\n    font-family: Roboto;\n    font-weight: 600;\n    src: url(https:\/\/assets.brevo.com\/font\/Roboto\/Latin\/medium\/normal\/6e9caeeafb1f3491be3e32744bc30440.woff2) format(\"woff2\"), url(https:\/\/assets.brevo.com\/font\/Roboto\/Latin\/medium\/normal\/71501f0d8d5aa95960f6475d5487d4c2.woff) format(\"woff\")\n  }\n\n  @font-face {\n    font-display: fallback;\n    font-family: Roboto;\n    font-weight: 700;\n    src: url(https:\/\/assets.brevo.com\/font\/Roboto\/Latin\/bold\/normal\/3ef7cf158f310cf752d5ad08cd0e7e60.woff2) format(\"woff2\"), url(https:\/\/assets.brevo.com\/font\/Roboto\/Latin\/bold\/normal\/ece3a1d82f18b60bcce0211725c476aa.woff) format(\"woff\")\n  }\n\n  #sib-container input:-ms-input-placeholder {\n    text-align: left;\n    font-family: Helvetica, sans-serif;\n    color: #c0ccda;\n  }\n\n  #sib-container input::placeholder {\n    text-align: left;\n    font-family: Helvetica, sans-serif;\n    color: #c0ccda;\n  }\n\n  #sib-container textarea::placeholder {\n    text-align: left;\n    font-family: Helvetica, sans-serif;\n    color: #c0ccda;\n  }\n\n  #sib-container a {\n    text-decoration: underline;\n    color: #2BB2FC;\n  }\n<\/style>\n<link rel=\"stylesheet\" href=\"https:\/\/sibforms.com\/forms\/end-form\/build\/sib-styles.css\">\n<!--  END - We recommend to place the above code in head tag of your website html -->\n\n<!-- START - We recommend to place the below code where you want the form in your website html  -->\n<div class=\"sib-form\" style=\"text-align: center;\n         background-color: #ffffff;                                 \">\n  <div id=\"sib-form-container\" class=\"sib-form-container\">\n    <div id=\"error-message\" class=\"sib-form-message-panel\" style=\"font-size:16px; text-align:left; font-family:Helvetica, sans-serif; color:#661d1d; background-color:#ffeded; border-radius:3px; border-color:#ff4949;max-width:540px;\">\n      <div class=\"sib-form-message-panel__text sib-form-message-panel__text--center\">\n        <svg viewBox=\"0 0 512 512\" class=\"sib-icon sib-notification__icon\">\n          <path d=\"M256 40c118.621 0 216 96.075 216 216 0 119.291-96.61 216-216 216-119.244 0-216-96.562-216-216 0-119.203 96.602-216 216-216m0-32C119.043 8 8 119.083 8 256c0 136.997 111.043 248 248 248s248-111.003 248-248C504 119.083 392.957 8 256 8zm-11.49 120h22.979c6.823 0 12.274 5.682 11.99 12.5l-7 168c-.268 6.428-5.556 11.5-11.99 11.5h-8.979c-6.433 0-11.722-5.073-11.99-11.5l-7-168c-.283-6.818 5.167-12.5 11.99-12.5zM256 340c-15.464 0-28 12.536-28 28s12.536 28 28 28 28-12.536 28-28-12.536-28-28-28z\" \/>\n        <\/svg>\n        <span class=\"sib-form-message-panel__inner-text\">\n                          Die eingegebenen Daten sind ung\u00fcltig. Bitte \u00fcberpr\u00fcfen Sie das Format des Feldes und versuchen Sie es erneut.\n                      <\/span>\n      <\/div>\n    <\/div>\n    <div><\/div>\n    <div id=\"success-message\" class=\"sib-form-message-panel\" style=\"font-size:16px; text-align:left; font-family:Helvetica, sans-serif; color:#085229; background-color:#e7faf0; border-radius:3px; border-color:#13ce66;max-width:540px;\">\n      <div class=\"sib-form-message-panel__text sib-form-message-panel__text--center\">\n        <svg viewBox=\"0 0 512 512\" class=\"sib-icon sib-notification__icon\">\n          <path d=\"M256 8C119.033 8 8 119.033 8 256s111.033 248 248 248 248-111.033 248-248S392.967 8 256 8zm0 464c-118.664 0-216-96.055-216-216 0-118.663 96.055-216 216-216 118.664 0 216 96.055 216 216 0 118.663-96.055 216-216 216zm141.63-274.961L217.15 376.071c-4.705 4.667-12.303 4.637-16.97-.068l-85.878-86.572c-4.667-4.705-4.637-12.303.068-16.97l8.52-8.451c4.705-4.667 12.303-4.637 16.97.068l68.976 69.533 163.441-162.13c4.705-4.667 12.303-4.637 16.97.068l8.451 8.52c4.668 4.705 4.637 12.303-.068 16.97z\" \/>\n        <\/svg>\n        <span class=\"sib-form-message-panel__inner-text\">\n                          Ihr Abonnement wurde erfolgreich eingerichtet.\n                      <\/span>\n      <\/div>\n    <\/div>\n    <div><\/div>\n    <div id=\"sib-container\" class=\"sib-container--large sib-container--vertical\" style=\"text-align:center; background-color:rgba(255,255,255,1); max-width:540px; border-radius:3px; border-width:1px; border-color:#738ba7; border-style:solid; direction:ltr\">\n      <form id=\"sib-form\" method=\"POST\" action=\"https:\/\/be422077.sibforms.com\/serve\/MUIFAMZm9pbkAAgnaK3BWwprDziwdgiIOJtxhe_WfZXI7846okkuPcwEbnnvv8bVvV5FQAf-YD5WhyWGco3UApIlcbjhXNydiVRvCNHZl9g04ptS2YSyo446UIxm86Qs4IufXkTu3vpYh9NrrCgEjxfzYiASIB8LavWEZUCZ1VcJVnSBjeBb9n-qh3IGGXTNWJgTY2mXeqUAA-OO\" data-type=\"subscription\">\n        <div style=\"padding: 8px 0;\">\n          <div class=\"sib-form-block sib-image-form-block\" style=\"text-align: center\">\n            <img decoding=\"async\" src=\"https:\/\/img.mailinblue.com\/7300334\/images\/content_library\/original\/69f99bc843ade93054984e87.jpg\" style=\"width: 500px;height: 354px;\" alt=\"\" title=\"\" \/>\n          <\/div>\n        <\/div>\n        <div style=\"padding: 8px 0;\">\n          <div class=\"sib-form-block\" style=\"font-size:22px; text-align:left; font-weight:700; font-family:Helvetica, sans-serif; color:#3C4858; background-color:transparent; text-align:left\">\n            <p>JETZT F\u00dcR UNSEREN<\/p>\n            <p>NEWSLETTER ANMELDEN!<\/p>\n          <\/div>\n        <\/div>\n        <div style=\"padding: 8px 0;\">\n          <div class=\"sib-form-block\" style=\"font-size:18px; text-align:left; font-weight:700; font-family:Helvetica, sans-serif; color:#3C4858; background-color:transparent; text-align:left\">\n            <p>Wir halten Sie auf dem Laufenden.<\/p>\n          <\/div>\n        <\/div>\n        <div style=\"padding: 8px 0;\">\n          <div class=\"sib-form-block\" style=\"font-size:16px; text-align:left; font-family:Helvetica, sans-serif; color:#3C4858; background-color:transparent; text-align:left\">\n            <div class=\"sib-text-form-block\">\n              <p>Melden Sie sich jetzt zum bredent group Newsletter an und erhalten Sie regelm\u00e4\u00dfige Updates zu unseren Produkten, Angeboten, Events und Messen, Kursen, klinischen Studien und weiteren spannenden Themen.<\/p>\n            <\/div>\n          <\/div>\n        <\/div>\n        <div style=\"padding: 8px 0;\">\n          <div class=\"sib-input sib-form-block\">\n            <div class=\"form__entry entry_block\">\n              <div class=\"form__label-row \">\n                <label class=\"entry__label\" style=\"font-weight: 700; text-align:left; font-size:16px; text-align:left; font-weight:700; font-family:Helvetica, sans-serif; color:#3c4858;\" for=\"EMAIL\" data-required=\"*\">E-MAIL ADRESSE<\/label>\n\n                <div class=\"entry__field\">\n                  <input class=\"input \" type=\"text\" id=\"EMAIL\" name=\"EMAIL\" autocomplete=\"off\" placeholder=\"EMAIL\" data-required=\"true\" required \/>\n                <\/div>\n              <\/div>\n\n              <label class=\"entry__error entry__error--primary\" style=\"font-size:16px; text-align:left; font-family:Helvetica, sans-serif; color:#661d1d; background-color:#ffeded; border-radius:3px; border-color:#ff4949;\">\n              <\/label>\n            <\/div>\n          <\/div>\n        <\/div>\n        <div style=\"padding: 8px 0;\">\n          <div class=\"sib-input sib-form-block\">\n            <div class=\"form__entry entry_block\">\n              <div class=\"form__label-row \">\n                <label class=\"entry__label\" style=\"font-weight: 700; text-align:left; font-size:16px; text-align:left; font-weight:700; font-family:Helvetica, sans-serif; color:#3c4858;\" for=\"JOB_TITLE\">TITLE<\/label>\n\n                <div class=\"entry__field\">\n                  <input class=\"input \" maxlength=\"200\" type=\"text\" id=\"JOB_TITLE\" name=\"JOB_TITLE\" autocomplete=\"off\" placeholder=\"TITLE\" \/>\n                <\/div>\n              <\/div>\n\n              <label class=\"entry__error entry__error--primary\" style=\"font-size:16px; text-align:left; font-family:Helvetica, sans-serif; color:#661d1d; background-color:#ffeded; border-radius:3px; border-color:#ff4949;\">\n              <\/label>\n            <\/div>\n          <\/div>\n        <\/div>\n        <div style=\"padding: 8px 0;\">\n          <div class=\"sib-input sib-form-block\">\n            <div class=\"form__entry entry_block\">\n              <div class=\"form__label-row \">\n                <label class=\"entry__label\" style=\"font-weight: 700; text-align:left; font-size:16px; text-align:left; font-weight:700; font-family:Helvetica, sans-serif; color:#3c4858;\" for=\"VORNAME\" data-required=\"*\">VORNAME<\/label>\n\n                <div class=\"entry__field\">\n                  <input class=\"input \" maxlength=\"200\" type=\"text\" id=\"VORNAME\" name=\"VORNAME\" autocomplete=\"off\" placeholder=\"VORNAME\" data-required=\"true\" required \/>\n                <\/div>\n              <\/div>\n\n              <label class=\"entry__error entry__error--primary\" style=\"font-size:16px; text-align:left; font-family:Helvetica, sans-serif; color:#661d1d; background-color:#ffeded; border-radius:3px; border-color:#ff4949;\">\n              <\/label>\n            <\/div>\n          <\/div>\n        <\/div>\n        <div style=\"padding: 8px 0;\">\n          <div class=\"sib-input sib-form-block\">\n            <div class=\"form__entry entry_block\">\n              <div class=\"form__label-row \">\n                <label class=\"entry__label\" style=\"font-weight: 700; text-align:left; font-size:16px; text-align:left; font-weight:700; font-family:Helvetica, sans-serif; color:#3c4858;\" for=\"NACHNAME\" data-required=\"*\">NACHNAME<\/label>\n\n                <div class=\"entry__field\">\n                  <input class=\"input \" maxlength=\"200\" type=\"text\" id=\"NACHNAME\" name=\"NACHNAME\" autocomplete=\"off\" placeholder=\"NACHNAME\" data-required=\"true\" required \/>\n                <\/div>\n              <\/div>\n\n              <label class=\"entry__error entry__error--primary\" style=\"font-size:16px; text-align:left; font-family:Helvetica, sans-serif; color:#661d1d; background-color:#ffeded; border-radius:3px; border-color:#ff4949;\">\n              <\/label>\n            <\/div>\n          <\/div>\n        <\/div>\n        <div style=\"padding: 8px 0;\">\n          <div class=\"sib-input sib-form-block\">\n            <div class=\"form__entry entry_block\">\n              <div class=\"form__label-row \">\n                <label class=\"entry__label\" style=\"font-weight: 700; text-align:left; font-size:16px; text-align:left; font-weight:700; font-family:Helvetica, sans-serif; color:#3c4858;\" for=\"LAND\" data-required=\"*\">LAND<\/label>\n\n                <div class=\"entry__field\">\n                  <input class=\"input \" maxlength=\"200\" type=\"text\" id=\"LAND\" name=\"LAND\" autocomplete=\"off\" placeholder=\"LAND\" data-required=\"true\" required \/>\n                <\/div>\n              <\/div>\n\n              <label class=\"entry__error entry__error--primary\" style=\"font-size:16px; text-align:left; font-family:Helvetica, sans-serif; color:#661d1d; background-color:#ffeded; border-radius:3px; border-color:#ff4949;\">\n              <\/label>\n            <\/div>\n          <\/div>\n        <\/div>\n        <div style=\"padding: 8px 0;\">\n          <div class=\"sib-optin sib-form-block\" data-required=\"true\">\n            <div class=\"form__entry entry_mcq\">\n              <div class=\"form__label-row \">\n                <div class=\"entry__choice\" style=\"\">\n                  <label>\n                    <input type=\"checkbox\" class=\"input_replaced\" value=\"1\" id=\"SKYNEWSLETTER\" name=\"SKYNEWSLETTER\" required \/>\n                    <span class=\"checkbox checkbox_tick_positive\"\n            style=\"margin-left:\"\n            ><\/span><span style=\"font-size:14px; text-align:left; font-family:Helvetica, sans-serif; color:#3C4858; background-color:transparent;\"><p>Ich m\u00f6chte den Newsletter der bredent group erhalten und akzeptiere die Datenschutzerkl\u00e4rung. Hier finden Sie unsere <a href=\"https:\/\/bredent-group.com\/de\/datenschutzerklaerung\/\" target=\"_blank\">Datenschutzerkl\u00e4rung<\/a><\/p><span data-required=\"*\" style=\"display: inline;\" class=\"entry__label entry__label_optin\"><\/span><\/span> <\/label>\n                <\/div>\n              <\/div>\n              <label class=\"entry__error entry__error--primary\" style=\"font-size:16px; text-align:left; font-family:Helvetica, sans-serif; color:#661d1d; background-color:#ffeded; border-radius:3px; border-color:#ff4949;\">\n              <\/label>\n              <label class=\"entry__specification\" style=\"font-size:12px; text-align:left; font-family:Helvetica, sans-serif; color:#8390A4; text-align:left\">\n                Sie k\u00f6nnen den Newsletter jederzeit \u00fcber den Link in unserem Newsletter abbestellen.\n              <\/label>\n            <\/div>\n          <\/div>\n        <\/div>\n        <div style=\"padding: 8px 0;\">\n          <div class=\"sib-form__declaration\" style=\"direction:ltr\">\n            <div class=\"declaration-block-icon\">\n              <svg class=\"icon__SVG\" width=\"0\" height=\"0\" version=\"1.1\" xmlns=\"http:\/\/www.w3.org\/2000\/svg\">\n                <defs>\n                  <symbol id=\"svgIcon-sphere\" viewBox=\"0 0 63 63\">\n                    <path class=\"path1\" d=\"M31.54 0l1.05 3.06 3.385-.01-2.735 1.897 1.05 3.042-2.748-1.886-2.738 1.886 1.044-3.05-2.745-1.897h3.393zm13.97 3.019L46.555 6.4l3.384.01-2.743 2.101 1.048 3.387-2.752-2.1-2.752 2.1 1.054-3.382-2.745-2.105h3.385zm9.998 10.056l1.039 3.382h3.38l-2.751 2.1 1.05 3.382-2.744-2.091-2.743 2.091 1.054-3.381-2.754-2.1h3.385zM58.58 27.1l1.04 3.372h3.379l-2.752 2.096 1.05 3.387-2.744-2.091-2.75 2.092 1.054-3.387-2.747-2.097h3.376zm-3.076 14.02l1.044 3.364h3.385l-2.743 2.09 1.05 3.392-2.744-2.097-2.743 2.097 1.052-3.377-2.752-2.117 3.385-.01zm-9.985 9.91l1.045 3.364h3.393l-2.752 2.09 1.05 3.393-2.745-2.097-2.743 2.097 1.05-3.383-2.751-2.1 3.384-.01zM31.45 55.01l1.044 3.043 3.393-.008-2.752 1.9L34.19 63l-2.744-1.895-2.748 1.891 1.054-3.05-2.743-1.9h3.384zm-13.934-3.98l1.036 3.364h3.402l-2.752 2.09 1.053 3.393-2.747-2.097-2.752 2.097 1.053-3.382-2.743-2.1 3.384-.01zm-9.981-9.91l1.045 3.364h3.398l-2.748 2.09 1.05 3.392-2.753-2.1-2.752 2.096 1.053-3.382-2.743-2.102 3.384-.009zM4.466 27.1l1.038 3.372H8.88l-2.752 2.097 1.053 3.387-2.743-2.09-2.748 2.09 1.053-3.387L0 30.472h3.385zm3.069-14.025l1.045 3.382h3.395L9.23 18.56l1.05 3.381-2.752-2.09-2.752 2.09 1.053-3.381-2.744-2.1h3.384zm9.99-10.056L18.57 6.4l3.393.01-2.743 2.1 1.05 3.373-2.754-2.092-2.751 2.092 1.053-3.382-2.744-2.1h3.384zm24.938 19.394l-10-4.22a2.48 2.48 0 00-1.921 0l-10 4.22A2.529 2.529 0 0019 24.75c0 10.47 5.964 17.705 11.537 20.057a2.48 2.48 0 001.921 0C36.921 42.924 44 36.421 44 24.75a2.532 2.532 0 00-1.537-2.336zm-2.46 6.023l-9.583 9.705a.83.83 0 01-1.177 0l-5.416-5.485a.855.855 0 010-1.192l1.177-1.192a.83.83 0 011.177 0l3.65 3.697 7.819-7.916a.83.83 0 011.177 0l1.177 1.191a.843.843 0 010 1.192z\" fill=\"#0092FF\"><\/path>\n                  <\/symbol>\n                <\/defs>\n              <\/svg>\n              <svg class=\"svgIcon-sphere\" style=\"width:63px; height:63px;\">\n                <use xlink:href=\"#svgIcon-sphere\"><\/use>\n              <\/svg>\n            <\/div>\n            <div style=\"font-size:14px; text-align:left; font-family:Helvetica, sans-serif; color:#687484; background-color:transparent;\">\n              <p>Wir verwenden Brevo als unsere Marketing-Plattform. Wenn Sie das Formular ausf\u00fcllen und absenden, best\u00e4tigen Sie, dass die von Ihnen angegebenen Informationen an Brevo zur Bearbeitung gem\u00e4\u00df den <a href=\"https:\/\/www.brevo.com\/de\/legal\/termsofuse\/\" target=\"_blank\" rel=\"noopener\">Nutzungsbedingungen<\/a> \u00fcbertragen werden<\/p>\n            <\/div>\n          <\/div>\n        <\/div>\n        <div style=\"padding: 8px 0;\">\n          <div class=\"g-recaptcha-v3\" data-sitekey=\"6LcjHbkiAAAAAPVRIAqpTFCo-Vcm1pBRu1H9yiZA\" style=\"display: none\"><\/div>\n        <\/div>\n        <div style=\"padding: 8px 0;\">\n          <div class=\"sib-form-block\" style=\"text-align: left\">\n            <button class=\"sib-form-block__button sib-form-block__button-with-loader\" style=\"font-size:16px; text-align:left; font-weight:700; font-family:Helvetica, sans-serif; color:#FFFFFF; background-color:#738ba7; border-radius:3px; border-width:0px;\" form=\"sib-form\" type=\"submit\">\n              <svg class=\"icon clickable__icon progress-indicator__icon sib-hide-loader-icon\" viewBox=\"0 0 512 512\" style=\"\">\n                <path d=\"M460.116 373.846l-20.823-12.022c-5.541-3.199-7.54-10.159-4.663-15.874 30.137-59.886 28.343-131.652-5.386-189.946-33.641-58.394-94.896-95.833-161.827-99.676C261.028 55.961 256 50.751 256 44.352V20.309c0-6.904 5.808-12.337 12.703-11.982 83.556 4.306 160.163 50.864 202.11 123.677 42.063 72.696 44.079 162.316 6.031 236.832-3.14 6.148-10.75 8.461-16.728 5.01z\" \/>\n              <\/svg>\n              ANMELDEN\n            <\/button>\n          <\/div>\n        <\/div>\n\n        <input type=\"text\" name=\"email_address_check\" value=\"\" class=\"input--hidden\">\n        <input type=\"hidden\" name=\"locale\" value=\"en\">\n      <\/form>\n    <\/div>\n  <\/div>\n<\/div>\n<!-- END - We recommend to place the above code where you want the form in your website html  -->\n\n<!-- START - We recommend to place the below code in footer or bottom of your website html  -->\n<script>\n  window.REQUIRED_CODE_ERROR_MESSAGE = 'Please choose a country code';\n  window.LOCALE = 'en';\n  window.EMAIL_INVALID_MESSAGE = window.SMS_INVALID_MESSAGE = \"The information provided is invalid. Please review the field format and try again.\";\n\n  window.REQUIRED_ERROR_MESSAGE = \"Dieses Feld darf nicht leer bleiben. \";\n\n  window.GENERIC_INVALID_MESSAGE = \"The information provided is invalid. Please review the field format and try again.\";\n\n\n\n\n  window.translation = {\n    common: {\n      selectedList: '{quantity} list selected',\n      selectedLists: '{quantity} lists selected',\n      selectedOption: '{quantity} selected',\n      selectedOptions: '{quantity} selected',\n    }\n  };\n\n  var AUTOHIDE = Boolean(0);\n<\/script>\n\n<script defer src=\"https:\/\/sibforms.com\/forms\/end-form\/build\/main.js\"><\/script>\n\n<script src=\"https:\/\/www.google.com\/recaptcha\/api.js?render=6LcjHbkiAAAAAPVRIAqpTFCo-Vcm1pBRu1H9yiZA&hl=en\" async defer><\/script>\n\n<!-- END - We recommend to place the above code in footer or bottom of your website html  -->\n<!-- End Brevo Form --><\/div>\n\t\t\t\t\t\t<\/div>\n\t\t\t\t<\/div>\n\t\t\t\t\t<\/div>\n\t\t\t\t<\/div>\n\t\t\t\t<\/div>\n\t\t","protected":false},"excerpt":{"rendered":"<p>Die eingegebenen Daten sind ung\u00fcltig. Bitte \u00fcberpr\u00fcfen Sie das Format des Feldes und versuchen Sie es erneut. Ihr Abonnement wurde erfolgreich eingerichtet. JETZT F\u00dcR UNSEREN NEWSLETTER ANMELDEN! Wir halten Sie auf dem Laufenden. Melden Sie sich jetzt zum bredent group Newsletter an und erhalten Sie regelm\u00e4\u00dfige Updates zu unseren Produkten, Angeboten, Events und Messen, Kursen, [&hellip;]<\/p>\n","protected":false},"author":1,"featured_media":0,"parent":0,"menu_order":999,"comment_status":"closed","ping_status":"closed","template":"","meta":{"footnotes":""},"class_list":["post-56226","page","type-page","status-publish","hentry"],"_links":{"self":[{"href":"https:\/\/bredent-group.com\/de\/wp-json\/wp\/v2\/pages\/56226","targetHints":{"allow":["GET"]}}],"collection":[{"href":"https:\/\/bredent-group.com\/de\/wp-json\/wp\/v2\/pages"}],"about":[{"href":"https:\/\/bredent-group.com\/de\/wp-json\/wp\/v2\/types\/page"}],"author":[{"embeddable":true,"href":"https:\/\/bredent-group.com\/de\/wp-json\/wp\/v2\/users\/1"}],"replies":[{"embeddable":true,"href":"https:\/\/bredent-group.com\/de\/wp-json\/wp\/v2\/comments?post=56226"}],"version-history":[{"count":13,"href":"https:\/\/bredent-group.com\/de\/wp-json\/wp\/v2\/pages\/56226\/revisions"}],"predecessor-version":[{"id":56269,"href":"https:\/\/bredent-group.com\/de\/wp-json\/wp\/v2\/pages\/56226\/revisions\/56269"}],"wp:attachment":[{"href":"https:\/\/bredent-group.com\/de\/wp-json\/wp\/v2\/media?parent=56226"}],"curies":[{"name":"wp","href":"https:\/\/api.w.org\/{rel}","templated":true}]}}