{"id":32799,"date":"2023-04-20T10:16:56","date_gmt":"2023-04-20T08:16:56","guid":{"rendered":"https:\/\/bredent-group.com\/bredent\/"},"modified":"2026-03-19T13:30:22","modified_gmt":"2026-03-19T12:30:22","slug":"bredent","status":"publish","type":"page","link":"https:\/\/bredent-group.com\/es\/bredent\/","title":{"rendered":"bredent"},"content":{"rendered":"\t\t<div data-elementor-type=\"wp-page\" data-elementor-id=\"32799\" class=\"elementor elementor-32799 elementor-30890\" data-elementor-post-type=\"page\">\n\t\t\t\t<div class=\"elementor-element elementor-element-640b7b2 e-con-full e-flex e-con e-parent\" data-id=\"640b7b2\" data-element_type=\"container\" data-e-type=\"container\">\n\t\t<div class=\"elementor-element elementor-element-3aa16a7 e-con-full e-flex e-con e-child\" data-id=\"3aa16a7\" data-element_type=\"container\" data-e-type=\"container\" data-settings=\"{&quot;background_background&quot;:&quot;classic&quot;,&quot;shape_divider_bottom&quot;:&quot;triangle&quot;,&quot;shape_divider_bottom_negative&quot;:&quot;yes&quot;}\">\n\t\t\t\t<div class=\"elementor-shape elementor-shape-bottom\" aria-hidden=\"true\" data-negative=\"true\">\n\t\t\t<svg xmlns=\"http:\/\/www.w3.org\/2000\/svg\" viewBox=\"0 0 1000 100\" preserveAspectRatio=\"none\">\n\t<path class=\"elementor-shape-fill\" d=\"M500.2,94.7L0,0v100h1000V0L500.2,94.7z\"\/>\n<\/svg>\t\t<\/div>\n\t\t\t\t<div class=\"elementor-element elementor-element-94364d9 elementor-widget elementor-widget-image\" data-id=\"94364d9\" data-element_type=\"widget\" data-e-type=\"widget\" data-widget_type=\"image.default\">\n\t\t\t\t<div class=\"elementor-widget-container\">\n\t\t\t\t\t\t\t\t\t\t\t\t\t\t\t<img fetchpriority=\"high\" decoding=\"async\" width=\"5389\" height=\"1234\" src=\"https:\/\/bredent-group.com\/wp-content\/uploads\/2023\/03\/bredent-White-Logo-PNG-file.png\" class=\"attachment-full size-full wp-image-31090\" alt=\"\" srcset=\"https:\/\/bredent-group.com\/wp-content\/uploads\/2023\/03\/bredent-White-Logo-PNG-file.png 5389w, https:\/\/bredent-group.com\/wp-content\/uploads\/2023\/03\/bredent-White-Logo-PNG-file-300x69.png 300w, https:\/\/bredent-group.com\/wp-content\/uploads\/2023\/03\/bredent-White-Logo-PNG-file-1024x234.png 1024w, https:\/\/bredent-group.com\/wp-content\/uploads\/2023\/03\/bredent-White-Logo-PNG-file-768x176.png 768w, https:\/\/bredent-group.com\/wp-content\/uploads\/2023\/03\/bredent-White-Logo-PNG-file-1536x352.png 1536w, https:\/\/bredent-group.com\/wp-content\/uploads\/2023\/03\/bredent-White-Logo-PNG-file-2048x469.png 2048w\" sizes=\"(max-width: 5389px) 100vw, 5389px\" \/>\t\t\t\t\t\t\t\t\t\t\t\t\t\t\t<\/div>\n\t\t\t\t<\/div>\n\t\t\t\t<\/div>\n\t\t\t\t<\/div>\n\t\t<div class=\"elementor-element elementor-element-3412d6c e-flex e-con-boxed e-con e-parent\" data-id=\"3412d6c\" data-element_type=\"container\" data-e-type=\"container\">\n\t\t\t\t\t<div class=\"e-con-inner\">\n\t\t<div class=\"elementor-element elementor-element-dd4a002 e-flex e-con-boxed e-con e-child\" data-id=\"dd4a002\" data-element_type=\"container\" data-e-type=\"container\">\n\t\t\t\t\t<div class=\"e-con-inner\">\n\t\t<div class=\"elementor-element elementor-element-7d3f052 e-con-full e-flex e-con e-child\" data-id=\"7d3f052\" data-element_type=\"container\" data-e-type=\"container\" data-settings=\"{&quot;background_background&quot;:&quot;classic&quot;}\">\n\t\t\t\t<div class=\"elementor-element elementor-element-f7abc4a elementor-widget elementor-widget-image\" data-id=\"f7abc4a\" data-element_type=\"widget\" data-e-type=\"widget\" data-widget_type=\"image.default\">\n\t\t\t\t<div class=\"elementor-widget-container\">\n\t\t\t\t\t\t\t\t\t\t\t\t\t\t\t<img decoding=\"async\" width=\"1600\" height=\"1000\" src=\"https:\/\/bredent-group.com\/wp-content\/uploads\/2023\/06\/crea.lign_natural_opalescence_EN.jpg\" class=\"attachment-full size-full wp-image-33272\" alt=\"\" srcset=\"https:\/\/bredent-group.com\/wp-content\/uploads\/2023\/06\/crea.lign_natural_opalescence_EN.jpg 1600w, https:\/\/bredent-group.com\/wp-content\/uploads\/2023\/06\/crea.lign_natural_opalescence_EN-300x188.jpg 300w, https:\/\/bredent-group.com\/wp-content\/uploads\/2023\/06\/crea.lign_natural_opalescence_EN-1024x640.jpg 1024w, https:\/\/bredent-group.com\/wp-content\/uploads\/2023\/06\/crea.lign_natural_opalescence_EN-768x480.jpg 768w, https:\/\/bredent-group.com\/wp-content\/uploads\/2023\/06\/crea.lign_natural_opalescence_EN-1536x960.jpg 1536w\" sizes=\"(max-width: 1600px) 100vw, 1600px\" \/>\t\t\t\t\t\t\t\t\t\t\t\t\t\t\t<\/div>\n\t\t\t\t<\/div>\n\t\t\t\t<\/div>\n\t\t<div class=\"elementor-element elementor-element-ccacf68 e-con-full e-flex e-con e-child\" data-id=\"ccacf68\" data-element_type=\"container\" data-e-type=\"container\" data-settings=\"{&quot;background_background&quot;:&quot;classic&quot;}\">\n\t\t\t\t<div class=\"elementor-element elementor-element-0c2e766 elementor-widget elementor-widget-image\" data-id=\"0c2e766\" data-element_type=\"widget\" data-e-type=\"widget\" data-widget_type=\"image.default\">\n\t\t\t\t<div class=\"elementor-widget-container\">\n\t\t\t\t\t\t\t\t\t\t\t\t\t\t\t<img decoding=\"async\" width=\"4252\" height=\"782\" src=\"https:\/\/bredent-group.com\/wp-content\/uploads\/2023\/02\/visio.lign-Orange-Logo-PNG-file.png\" class=\"attachment-full size-full wp-image-29861\" alt=\"\" srcset=\"https:\/\/bredent-group.com\/wp-content\/uploads\/2023\/02\/visio.lign-Orange-Logo-PNG-file.png 4252w, https:\/\/bredent-group.com\/wp-content\/uploads\/2023\/02\/visio.lign-Orange-Logo-PNG-file-300x55.png 300w, https:\/\/bredent-group.com\/wp-content\/uploads\/2023\/02\/visio.lign-Orange-Logo-PNG-file-1024x188.png 1024w, https:\/\/bredent-group.com\/wp-content\/uploads\/2023\/02\/visio.lign-Orange-Logo-PNG-file-768x141.png 768w, https:\/\/bredent-group.com\/wp-content\/uploads\/2023\/02\/visio.lign-Orange-Logo-PNG-file-1536x282.png 1536w, https:\/\/bredent-group.com\/wp-content\/uploads\/2023\/02\/visio.lign-Orange-Logo-PNG-file-2048x377.png 2048w\" sizes=\"(max-width: 4252px) 100vw, 4252px\" \/>\t\t\t\t\t\t\t\t\t\t\t\t\t\t\t<\/div>\n\t\t\t\t<\/div>\n\t\t\t\t<div class=\"elementor-element elementor-element-3dbcadf elementor-widget elementor-widget-heading\" data-id=\"3dbcadf\" data-element_type=\"widget\" data-e-type=\"widget\" data-widget_type=\"heading.default\">\n\t\t\t\t<div class=\"elementor-widget-container\">\n\t\t\t\t\t<h2 class=\"elementor-heading-title elementor-size-default\">Sistema est\u00e9tico y funcional<\/h2>\t\t\t\t<\/div>\n\t\t\t\t<\/div>\n\t\t\t\t<div class=\"elementor-element elementor-element-50b356c elementor-align-center elementor-widget elementor-widget-button\" data-id=\"50b356c\" data-element_type=\"widget\" data-e-type=\"widget\" data-widget_type=\"button.default\">\n\t\t\t\t<div class=\"elementor-widget-container\">\n\t\t\t\t\t\t\t\t\t<div class=\"elementor-button-wrapper\">\n\t\t\t\t\t<a class=\"elementor-button elementor-button-link elementor-size-sm\" href=\"https:\/\/www.visiolign.com\/es\/\" target=\"_blank\" rel=\"noopener\">\n\t\t\t\t\t\t<span class=\"elementor-button-content-wrapper\">\n\t\t\t\t\t\t<span class=\"elementor-button-icon\">\n\t\t\t\t<i aria-hidden=\"true\" class=\"fas fa-arrow-alt-circle-right\"><\/i>\t\t\t<\/span>\n\t\t\t\t\t\t\t\t\t<span class=\"elementor-button-text\">visio.lign.com<\/span>\n\t\t\t\t\t<\/span>\n\t\t\t\t\t<\/a>\n\t\t\t\t<\/div>\n\t\t\t\t\t\t\t\t<\/div>\n\t\t\t\t<\/div>\n\t\t\t\t<\/div>\n\t\t\t\t\t<\/div>\n\t\t\t\t<\/div>\n\t\t\t\t\t<\/div>\n\t\t\t\t<\/div>\n\t\t<div class=\"elementor-element elementor-element-717589d e-flex e-con-boxed e-con e-parent\" data-id=\"717589d\" data-element_type=\"container\" data-e-type=\"container\">\n\t\t\t\t\t<div class=\"e-con-inner\">\n\t\t<div class=\"elementor-element elementor-element-44e4b67 e-flex e-con-boxed e-con e-child\" data-id=\"44e4b67\" data-element_type=\"container\" data-e-type=\"container\">\n\t\t\t\t\t<div class=\"e-con-inner\">\n\t\t<div class=\"elementor-element elementor-element-47a524e e-con-full e-flex e-con e-child\" data-id=\"47a524e\" data-element_type=\"container\" data-e-type=\"container\" data-settings=\"{&quot;background_background&quot;:&quot;classic&quot;}\">\n\t\t\t\t<div class=\"elementor-element elementor-element-fc5c69f elementor-widget elementor-widget-image\" data-id=\"fc5c69f\" data-element_type=\"widget\" data-e-type=\"widget\" data-widget_type=\"image.default\">\n\t\t\t\t<div class=\"elementor-widget-container\">\n\t\t\t\t\t\t\t\t\t\t\t\t\t\t\t<img loading=\"lazy\" decoding=\"async\" width=\"700\" height=\"302\" src=\"https:\/\/bredent-group.com\/wp-content\/uploads\/2023\/06\/blanks.png\" class=\"attachment-full size-full wp-image-33266\" alt=\"\" srcset=\"https:\/\/bredent-group.com\/wp-content\/uploads\/2023\/06\/blanks.png 700w, https:\/\/bredent-group.com\/wp-content\/uploads\/2023\/06\/blanks-300x129.png 300w\" sizes=\"(max-width: 700px) 100vw, 700px\" \/>\t\t\t\t\t\t\t\t\t\t\t\t\t\t\t<\/div>\n\t\t\t\t<\/div>\n\t\t\t\t<\/div>\n\t\t<div class=\"elementor-element elementor-element-d7e850d e-con-full e-flex e-con e-child\" data-id=\"d7e850d\" data-element_type=\"container\" data-e-type=\"container\" data-settings=\"{&quot;background_background&quot;:&quot;classic&quot;}\">\n\t\t\t\t<div class=\"elementor-element elementor-element-142cee7 elementor-widget elementor-widget-heading\" data-id=\"142cee7\" data-element_type=\"widget\" data-e-type=\"widget\" data-widget_type=\"heading.default\">\n\t\t\t\t<div class=\"elementor-widget-container\">\n\t\t\t\t\t<h2 class=\"elementor-heading-title elementor-size-default\">Materiales bi\u00f3nicos<\/h2>\t\t\t\t<\/div>\n\t\t\t\t<\/div>\n\t\t\t\t<div class=\"elementor-element elementor-element-d16a902 elementor-widget elementor-widget-heading\" data-id=\"d16a902\" data-element_type=\"widget\" data-e-type=\"widget\" data-widget_type=\"heading.default\">\n\t\t\t\t<div class=\"elementor-widget-container\">\n\t\t\t\t\t<h2 class=\"elementor-heading-title elementor-size-default\">\u00a1Innovaci\u00f3n en cada pieza en bruto!<br>\nLa nueva era de los pol\u00edmeros de alto rendimiento.<\/h2>\t\t\t\t<\/div>\n\t\t\t\t<\/div>\n\t\t\t\t<div class=\"elementor-element elementor-element-ef43f05 elementor-align-center elementor-widget elementor-widget-button\" data-id=\"ef43f05\" data-element_type=\"widget\" data-e-type=\"widget\" data-widget_type=\"button.default\">\n\t\t\t\t<div class=\"elementor-widget-container\">\n\t\t\t\t\t\t\t\t\t<div class=\"elementor-button-wrapper\">\n\t\t\t\t\t<a class=\"elementor-button elementor-button-link elementor-size-sm\" href=\"https:\/\/bredent-group.com\/es\/materiales-bionicos\/\">\n\t\t\t\t\t\t<span class=\"elementor-button-content-wrapper\">\n\t\t\t\t\t\t<span class=\"elementor-button-icon\">\n\t\t\t\t<i aria-hidden=\"true\" class=\"fas fa-arrow-alt-circle-right\"><\/i>\t\t\t<\/span>\n\t\t\t\t\t\t\t\t\t<span class=\"elementor-button-text\">Saber m\u00e1s<\/span>\n\t\t\t\t\t<\/span>\n\t\t\t\t\t<\/a>\n\t\t\t\t<\/div>\n\t\t\t\t\t\t\t\t<\/div>\n\t\t\t\t<\/div>\n\t\t\t\t<\/div>\n\t\t\t\t\t<\/div>\n\t\t\t\t<\/div>\n\t\t\t\t\t<\/div>\n\t\t\t\t<\/div>\n\t\t<div class=\"elementor-element elementor-element-194894e e-flex e-con-boxed e-con e-parent\" data-id=\"194894e\" data-element_type=\"container\" data-e-type=\"container\">\n\t\t\t\t\t<div class=\"e-con-inner\">\n\t\t<div class=\"elementor-element elementor-element-d45412f e-con-full e-flex e-con e-child\" data-id=\"d45412f\" data-element_type=\"container\" data-e-type=\"container\" data-settings=\"{&quot;background_background&quot;:&quot;classic&quot;}\">\n\t\t\t\t<div class=\"elementor-element elementor-element-d22058a elementor-widget elementor-widget-image\" data-id=\"d22058a\" data-element_type=\"widget\" data-e-type=\"widget\" data-widget_type=\"image.default\">\n\t\t\t\t<div class=\"elementor-widget-container\">\n\t\t\t\t\t\t\t\t\t\t\t\t\t\t\t<img loading=\"lazy\" decoding=\"async\" width=\"1150\" height=\"453\" src=\"https:\/\/bredent-group.com\/wp-content\/uploads\/2026\/03\/brePRINT-products-bredent-group-1.png\" class=\"attachment-full size-full wp-image-55567\" alt=\"\" srcset=\"https:\/\/bredent-group.com\/wp-content\/uploads\/2026\/03\/brePRINT-products-bredent-group-1.png 1150w, https:\/\/bredent-group.com\/wp-content\/uploads\/2026\/03\/brePRINT-products-bredent-group-1-300x118.png 300w, https:\/\/bredent-group.com\/wp-content\/uploads\/2026\/03\/brePRINT-products-bredent-group-1-1024x403.png 1024w, https:\/\/bredent-group.com\/wp-content\/uploads\/2026\/03\/brePRINT-products-bredent-group-1-768x303.png 768w\" sizes=\"(max-width: 1150px) 100vw, 1150px\" \/>\t\t\t\t\t\t\t\t\t\t\t\t\t\t\t<\/div>\n\t\t\t\t<\/div>\n\t\t\t\t<\/div>\n\t\t<div class=\"elementor-element elementor-element-157ca61 e-con-full e-flex e-con e-child\" data-id=\"157ca61\" data-element_type=\"container\" data-e-type=\"container\" data-settings=\"{&quot;background_background&quot;:&quot;classic&quot;}\">\n\t\t\t\t<div class=\"elementor-element elementor-element-757e89e elementor-widget elementor-widget-image\" data-id=\"757e89e\" data-element_type=\"widget\" data-e-type=\"widget\" data-widget_type=\"image.default\">\n\t\t\t\t<div class=\"elementor-widget-container\">\n\t\t\t\t\t\t\t\t\t\t\t\t\t\t\t<img loading=\"lazy\" decoding=\"async\" width=\"800\" height=\"360\" src=\"https:\/\/bredent-group.com\/wp-content\/uploads\/2024\/03\/brePRINT-logo-1.png\" class=\"attachment-full size-full wp-image-42067\" alt=\"\" srcset=\"https:\/\/bredent-group.com\/wp-content\/uploads\/2024\/03\/brePRINT-logo-1.png 800w, https:\/\/bredent-group.com\/wp-content\/uploads\/2024\/03\/brePRINT-logo-1-300x135.png 300w, https:\/\/bredent-group.com\/wp-content\/uploads\/2024\/03\/brePRINT-logo-1-768x346.png 768w\" sizes=\"(max-width: 800px) 100vw, 800px\" \/>\t\t\t\t\t\t\t\t\t\t\t\t\t\t\t<\/div>\n\t\t\t\t<\/div>\n\t\t\t\t<div class=\"elementor-element elementor-element-ea7c713 elementor-widget elementor-widget-heading\" data-id=\"ea7c713\" data-element_type=\"widget\" data-e-type=\"widget\" data-widget_type=\"heading.default\">\n\t\t\t\t<div class=\"elementor-widget-container\">\n\t\t\t\t\t<h2 class=\"elementor-heading-title elementor-size-default\">Tu socio de confianza para<br>\nimpresiones 3D dentales de alta calidad.<\/h2>\t\t\t\t<\/div>\n\t\t\t\t<\/div>\n\t\t\t\t<div class=\"elementor-element elementor-element-2036e55 elementor-align-center elementor-widget elementor-widget-button\" data-id=\"2036e55\" data-element_type=\"widget\" data-e-type=\"widget\" data-widget_type=\"button.default\">\n\t\t\t\t<div class=\"elementor-widget-container\">\n\t\t\t\t\t\t\t\t\t<div class=\"elementor-button-wrapper\">\n\t\t\t\t\t<a class=\"elementor-button elementor-button-link elementor-size-sm\" href=\"https:\/\/bredent-group.com\/es\/breprint\/\">\n\t\t\t\t\t\t<span class=\"elementor-button-content-wrapper\">\n\t\t\t\t\t\t<span class=\"elementor-button-icon\">\n\t\t\t\t<i aria-hidden=\"true\" class=\"fas fa-arrow-alt-circle-right\"><\/i>\t\t\t<\/span>\n\t\t\t\t\t\t\t\t\t<span class=\"elementor-button-text\">Saber m\u00e1s<\/span>\n\t\t\t\t\t<\/span>\n\t\t\t\t\t<\/a>\n\t\t\t\t<\/div>\n\t\t\t\t\t\t\t\t<\/div>\n\t\t\t\t<\/div>\n\t\t\t\t<\/div>\n\t\t\t\t\t<\/div>\n\t\t\t\t<\/div>\n\t\t\t\t<\/div>\n\t\t","protected":false},"excerpt":{"rendered":"<p>Sistema est\u00e9tico y funcional visio.lign.com Materiales bi\u00f3nicos \u00a1Innovaci\u00f3n en cada pieza en bruto! La nueva era de los pol\u00edmeros de alto rendimiento. Saber m\u00e1s Tu socio de confianza para impresiones 3D dentales de alta calidad. Saber m\u00e1s<\/p>\n","protected":false},"author":1,"featured_media":0,"parent":0,"menu_order":2,"comment_status":"closed","ping_status":"closed","template":"","meta":{"footnotes":""},"class_list":["post-32799","page","type-page","status-publish","hentry"],"_links":{"self":[{"href":"https:\/\/bredent-group.com\/es\/wp-json\/wp\/v2\/pages\/32799","targetHints":{"allow":["GET"]}}],"collection":[{"href":"https:\/\/bredent-group.com\/es\/wp-json\/wp\/v2\/pages"}],"about":[{"href":"https:\/\/bredent-group.com\/es\/wp-json\/wp\/v2\/types\/page"}],"author":[{"embeddable":true,"href":"https:\/\/bredent-group.com\/es\/wp-json\/wp\/v2\/users\/1"}],"replies":[{"embeddable":true,"href":"https:\/\/bredent-group.com\/es\/wp-json\/wp\/v2\/comments?post=32799"}],"version-history":[{"count":6,"href":"https:\/\/bredent-group.com\/es\/wp-json\/wp\/v2\/pages\/32799\/revisions"}],"predecessor-version":[{"id":55607,"href":"https:\/\/bredent-group.com\/es\/wp-json\/wp\/v2\/pages\/32799\/revisions\/55607"}],"wp:attachment":[{"href":"https:\/\/bredent-group.com\/es\/wp-json\/wp\/v2\/media?parent=32799"}],"curies":[{"name":"wp","href":"https:\/\/api.w.org\/{rel}","templated":true}]}}