{"id":2589,"date":"2020-01-21T15:06:21","date_gmt":"2020-01-21T15:06:21","guid":{"rendered":"https:\/\/neu.bredentgroup.com\/company-profile\/"},"modified":"2026-03-19T14:10:50","modified_gmt":"2026-03-19T13:10:50","slug":"profil-de-la-societe","status":"publish","type":"page","link":"https:\/\/bredent-group.com\/fr\/profil-de-la-societe\/","title":{"rendered":"Profil de la soci\u00e9t\u00e9"},"content":{"rendered":"\t\t<div data-elementor-type=\"wp-page\" data-elementor-id=\"2589\" class=\"elementor elementor-2589 elementor-779\" data-elementor-post-type=\"page\">\n\t\t\t\t\t\t<section class=\"elementor-section elementor-top-section elementor-element elementor-element-e91c656 elementor-section-height-min-height elementor-section-boxed elementor-section-height-default elementor-section-items-middle\" data-id=\"e91c656\" data-element_type=\"section\" data-e-type=\"section\" data-settings=\"{&quot;background_background&quot;:&quot;classic&quot;}\">\n\t\t\t\t\t\t\t<div class=\"elementor-background-overlay\"><\/div>\n\t\t\t\t\t\t\t<div class=\"elementor-container elementor-column-gap-default\">\n\t\t\t\t\t<div class=\"elementor-column elementor-col-100 elementor-top-column elementor-element elementor-element-9d14e14\" data-id=\"9d14e14\" data-element_type=\"column\" data-e-type=\"column\">\n\t\t\t<div class=\"elementor-widget-wrap elementor-element-populated\">\n\t\t\t\t\t\t<div class=\"elementor-element elementor-element-717a740 elementor-widget elementor-widget-heading\" data-id=\"717a740\" data-element_type=\"widget\" data-e-type=\"widget\" data-widget_type=\"heading.default\">\n\t\t\t\t<div class=\"elementor-widget-container\">\n\t\t\t\t\t<h2 class=\"elementor-heading-title elementor-size-default\">bredent group<br><b>La sant\u00e9 commence dans la bouche<\/b><\/h2>\t\t\t\t<\/div>\n\t\t\t\t<\/div>\n\t\t\t\t\t<\/div>\n\t\t<\/div>\n\t\t\t\t\t<\/div>\n\t\t<\/section>\n\t\t<div class=\"elementor-element elementor-element-898f2d3 e-flex e-con-boxed e-con e-parent\" data-id=\"898f2d3\" data-element_type=\"container\" data-e-type=\"container\" data-settings=\"{&quot;background_background&quot;:&quot;classic&quot;}\">\n\t\t\t\t\t<div class=\"e-con-inner\">\n\t\t<div class=\"elementor-element elementor-element-756ebd3 e-con-full e-flex e-con e-child\" data-id=\"756ebd3\" data-element_type=\"container\" data-e-type=\"container\">\n\t\t\t\t<div class=\"elementor-element elementor-element-14c6d5d animated-slow elementor-invisible elementor-widget elementor-widget-heading\" data-id=\"14c6d5d\" data-element_type=\"widget\" data-e-type=\"widget\" data-settings=\"{&quot;_animation&quot;:&quot;slideInDown&quot;}\" data-widget_type=\"heading.default\">\n\t\t\t\t<div class=\"elementor-widget-container\">\n\t\t\t\t\t<h2 class=\"elementor-heading-title elementor-size-default\">Notre histoire<\/h2>\t\t\t\t<\/div>\n\t\t\t\t<\/div>\n\t\t\t\t<div class=\"elementor-element elementor-element-b6899bc elementor-widget elementor-widget-text-editor\" data-id=\"b6899bc\" data-element_type=\"widget\" data-e-type=\"widget\" data-widget_type=\"text-editor.default\">\n\t\t\t\t<div class=\"elementor-widget-container\">\n\t\t\t\t\t\t\t\t\t<p><strong>Depuis 1974<\/strong> la Soci\u00e9t\u00e9 bredent d\u00e9fend une philosophie bien d\u00e9finie sur le march\u00e9 dentaire. Les produits bredent soutiennent le proth\u00e9siste dans la r\u00e9alisation efficace de proth\u00e8ses esth\u00e9tiques, haut de gamme et dans le respect de l\u2019hygi\u00e8ne parodontale. La devise de bredent a sans cesse \u00e9t\u00e9 l\u2019optimisation des produits et des processus de travail \u2013 en mettant toujours l\u2019accent sur le bien-\u00eatre du patient.<\/p><p><strong>Aujourd\u2018hui \u2013 plus de 50 ans plus tard<\/strong>\u00a0\u2013 le bredent group est compos\u00e9 de trois soci\u00e9t\u00e9s\u00a0: bredent, Dental Concept Systems (DCS) et bredent medical. Les b\u00e9n\u00e9fices pour nos clients consistent en solutions synerg\u00e9tiques harmonis\u00e9es et bien \u00e9tudi\u00e9es issues de la proth\u00e8se dentaire (bredent) avec l\u2019industrie m\u00e9canique de haute technologie (DCS) allant jusqu\u2019aux techniques m\u00e9dicales de pointe\u00a0 &#8211; \u00e0 l\u2019inclusion de la prophylaxie moderne et le domaine des implants et de la proth\u00e8se ultra-moderne (bredent medical).<\/p><p>Les valeurs du groupe bredent sont : des relations de <strong>partenariat<\/strong>, <strong>l\u2019efficacit\u00e9<\/strong> et <strong>l\u2019avant-garde du progr\u00e8s<\/strong>.\u00a0<span style=\"color: var( --e-global-color-70de1766 ); letter-spacing: 0px; word-spacing: 0em; text-align: var(--text-align); background-color: var( --e-global-color-primary );\"><br \/><\/span><\/p><p><span style=\"color: var( --e-global-color-70de1766 ); letter-spacing: 0px; word-spacing: 0em; text-align: var(--text-align); background-color: var( --e-global-color-primary );\"><strong>WE ARE ONE. <\/strong>C\u2019est la devise qui sert au bredent group \u00e0 d\u00e9crire les b\u00e9n\u00e9fices offerts aux clients.<\/span><\/p>\t\t\t\t\t\t\t\t<\/div>\n\t\t\t\t<\/div>\n\t\t\t\t<\/div>\n\t\t\t\t\t<\/div>\n\t\t\t\t<\/div>\n\t\t<div class=\"elementor-element elementor-element-9fb58d0 e-flex e-con-boxed e-con e-parent\" data-id=\"9fb58d0\" data-element_type=\"container\" data-e-type=\"container\" data-settings=\"{&quot;background_background&quot;:&quot;classic&quot;}\">\n\t\t\t\t\t<div class=\"e-con-inner\">\n\t\t<div class=\"elementor-element elementor-element-4f88a9b e-flex e-con-boxed e-con e-child\" data-id=\"4f88a9b\" data-element_type=\"container\" data-e-type=\"container\">\n\t\t\t\t\t<div class=\"e-con-inner\">\n\t\t\t\t<div class=\"elementor-element elementor-element-0ce14db animated-slow elementor-invisible elementor-widget elementor-widget-heading\" data-id=\"0ce14db\" data-element_type=\"widget\" data-e-type=\"widget\" data-settings=\"{&quot;_animation&quot;:&quot;slideInDown&quot;}\" data-widget_type=\"heading.default\">\n\t\t\t\t<div class=\"elementor-widget-container\">\n\t\t\t\t\t<h2 class=\"elementor-heading-title elementor-size-default\">WE ARE ONE<\/h2>\t\t\t\t<\/div>\n\t\t\t\t<\/div>\n\t\t\t\t<div class=\"elementor-element elementor-element-ae5595d elementor-align-justify elementor-widget__width-initial elementor-invisible elementor-widget elementor-widget-button\" data-id=\"ae5595d\" data-element_type=\"widget\" data-e-type=\"widget\" data-settings=\"{&quot;_animation&quot;:&quot;zoomIn&quot;}\" data-widget_type=\"button.default\">\n\t\t\t\t<div class=\"elementor-widget-container\">\n\t\t\t\t\t\t\t\t\t<div class=\"elementor-button-wrapper\">\n\t\t\t\t\t<a class=\"elementor-button elementor-size-sm\" role=\"button\">\n\t\t\t\t\t\t<span class=\"elementor-button-content-wrapper\">\n\t\t\t\t\t\t\t\t\t<span class=\"elementor-button-text\">Implantologie &amp; Proth\u00e8se<\/span>\n\t\t\t\t\t<\/span>\n\t\t\t\t\t<\/a>\n\t\t\t\t<\/div>\n\t\t\t\t\t\t\t\t<\/div>\n\t\t\t\t<\/div>\n\t\t\t\t<div class=\"elementor-element elementor-element-833f6e4 elementor-align-justify elementor-widget__width-initial elementor-invisible elementor-widget elementor-widget-button\" data-id=\"833f6e4\" data-element_type=\"widget\" data-e-type=\"widget\" data-settings=\"{&quot;_animation&quot;:&quot;zoomIn&quot;,&quot;_animation_delay&quot;:500}\" data-widget_type=\"button.default\">\n\t\t\t\t<div class=\"elementor-widget-container\">\n\t\t\t\t\t\t\t\t\t<div class=\"elementor-button-wrapper\">\n\t\t\t\t\t<a class=\"elementor-button elementor-size-sm\" role=\"button\">\n\t\t\t\t\t\t<span class=\"elementor-button-content-wrapper\">\n\t\t\t\t\t\t\t\t\t<span class=\"elementor-button-text\">Solutions compl\u00e8tes num\u00e9riques<\/span>\n\t\t\t\t\t<\/span>\n\t\t\t\t\t<\/a>\n\t\t\t\t<\/div>\n\t\t\t\t\t\t\t\t<\/div>\n\t\t\t\t<\/div>\n\t\t\t\t<div class=\"elementor-element elementor-element-4d1034c elementor-align-justify elementor-widget__width-initial elementor-invisible elementor-widget elementor-widget-button\" data-id=\"4d1034c\" data-element_type=\"widget\" data-e-type=\"widget\" data-settings=\"{&quot;_animation&quot;:&quot;zoomIn&quot;,&quot;_animation_delay&quot;:1000}\" data-widget_type=\"button.default\">\n\t\t\t\t<div class=\"elementor-widget-container\">\n\t\t\t\t\t\t\t\t\t<div class=\"elementor-button-wrapper\">\n\t\t\t\t\t<a class=\"elementor-button elementor-size-sm\" role=\"button\">\n\t\t\t\t\t\t<span class=\"elementor-button-content-wrapper\">\n\t\t\t\t\t\t\t\t\t<span class=\"elementor-button-text\">Technique\/mat\u00e9riaux dentaires<\/span>\n\t\t\t\t\t<\/span>\n\t\t\t\t\t<\/a>\n\t\t\t\t<\/div>\n\t\t\t\t\t\t\t\t<\/div>\n\t\t\t\t<\/div>\n\t\t\t\t\t<\/div>\n\t\t\t\t<\/div>\n\t\t<div class=\"elementor-element elementor-element-e838e44 e-flex e-con-boxed e-con e-child\" data-id=\"e838e44\" data-element_type=\"container\" data-e-type=\"container\">\n\t\t\t\t\t<div class=\"e-con-inner\">\n\t\t\t\t<div class=\"elementor-element elementor-element-a19f960 elementor-invisible elementor-widget elementor-widget-image\" data-id=\"a19f960\" data-element_type=\"widget\" data-e-type=\"widget\" data-settings=\"{&quot;_animation&quot;:&quot;zoomIn&quot;}\" data-widget_type=\"image.default\">\n\t\t\t\t<div class=\"elementor-widget-container\">\n\t\t\t\t\t\t\t\t\t\t\t\t\t\t\t<img fetchpriority=\"high\" decoding=\"async\" width=\"1200\" height=\"1047\" src=\"https:\/\/bredent-group.com\/wp-content\/uploads\/2023\/03\/bredentgroup-chart.-english.png\" class=\"attachment-full size-full wp-image-31183\" alt=\"\" srcset=\"https:\/\/bredent-group.com\/wp-content\/uploads\/2023\/03\/bredentgroup-chart.-english.png 1200w, https:\/\/bredent-group.com\/wp-content\/uploads\/2023\/03\/bredentgroup-chart.-english-300x262.png 300w, https:\/\/bredent-group.com\/wp-content\/uploads\/2023\/03\/bredentgroup-chart.-english-1024x893.png 1024w, https:\/\/bredent-group.com\/wp-content\/uploads\/2023\/03\/bredentgroup-chart.-english-768x670.png 768w\" sizes=\"(max-width: 1200px) 100vw, 1200px\" \/>\t\t\t\t\t\t\t\t\t\t\t\t\t\t\t<\/div>\n\t\t\t\t<\/div>\n\t\t\t\t\t<\/div>\n\t\t\t\t<\/div>\n\t\t\t\t\t<\/div>\n\t\t\t\t<\/div>\n\t\t<div class=\"elementor-element elementor-element-e172002 e-flex e-con-boxed e-con e-parent\" data-id=\"e172002\" data-element_type=\"container\" data-e-type=\"container\" data-settings=\"{&quot;background_background&quot;:&quot;classic&quot;}\">\n\t\t\t\t\t<div class=\"e-con-inner\">\n\t\t<div class=\"elementor-element elementor-element-f090368 e-con-full e-flex e-con e-child\" data-id=\"f090368\" data-element_type=\"container\" data-e-type=\"container\">\n\t\t\t\t<div class=\"elementor-element elementor-element-c578a3a animated-slow elementor-invisible elementor-widget elementor-widget-heading\" data-id=\"c578a3a\" data-element_type=\"widget\" data-e-type=\"widget\" data-settings=\"{&quot;_animation&quot;:&quot;slideInDown&quot;}\" data-widget_type=\"heading.default\">\n\t\t\t\t<div class=\"elementor-widget-container\">\n\t\t\t\t\t<h2 class=\"elementor-heading-title elementor-size-default\">NOTRE MISSION<\/h2>\t\t\t\t<\/div>\n\t\t\t\t<\/div>\n\t\t\t\t<div class=\"elementor-element elementor-element-ee9015b elementor-widget__width-initial elementor-invisible elementor-widget elementor-widget-heading\" data-id=\"ee9015b\" data-element_type=\"widget\" data-e-type=\"widget\" data-settings=\"{&quot;_animation_tablet&quot;:&quot;zoomIn&quot;,&quot;_animation&quot;:&quot;zoomIn&quot;}\" data-widget_type=\"heading.default\">\n\t\t\t\t<div class=\"elementor-widget-container\">\n\t\t\t\t\t<h2 class=\"elementor-heading-title elementor-size-default\">\u201cAvec nos coll\u00e8gues qualifi\u00e9s, nous d\u00e9veloppons, produisons et diffusons des solutions compl\u00e8tes pour une meilleure r\u00e9habilitation dentaire des patients. Nous accompagnons et nous conseillons nos clients en vue d\u2019une application s\u00fbre de nos solutions th\u00e9rapeutiques et pour assurer leur r\u00e9ussite.\u201d<\/h2>\t\t\t\t<\/div>\n\t\t\t\t<\/div>\n\t\t\t\t<\/div>\n\t\t\t\t\t<\/div>\n\t\t\t\t<\/div>\n\t\t<div class=\"elementor-element elementor-element-949f265 e-flex e-con-boxed e-con e-parent\" data-id=\"949f265\" data-element_type=\"container\" data-e-type=\"container\" data-settings=\"{&quot;background_background&quot;:&quot;classic&quot;}\">\n\t\t\t\t\t<div class=\"e-con-inner\">\n\t\t<div class=\"elementor-element elementor-element-7a549f7 e-con-full e-flex e-con e-child\" data-id=\"7a549f7\" data-element_type=\"container\" data-e-type=\"container\">\n\t\t\t\t<div class=\"elementor-element elementor-element-97623ef animated-slow elementor-invisible elementor-widget elementor-widget-heading\" data-id=\"97623ef\" data-element_type=\"widget\" data-e-type=\"widget\" data-settings=\"{&quot;_animation&quot;:&quot;slideInDown&quot;}\" data-widget_type=\"heading.default\">\n\t\t\t\t<div class=\"elementor-widget-container\">\n\t\t\t\t\t<h2 class=\"elementor-heading-title elementor-size-default\">Les actionnaires<\/h2>\t\t\t\t<\/div>\n\t\t\t\t<\/div>\n\t\t\t\t<div class=\"elementor-element elementor-element-1e6a25e elementor-widget elementor-widget-image\" data-id=\"1e6a25e\" data-element_type=\"widget\" data-e-type=\"widget\" data-widget_type=\"image.default\">\n\t\t\t\t<div class=\"elementor-widget-container\">\n\t\t\t\t\t\t\t\t\t\t\t\t\t\t\t<img decoding=\"async\" width=\"1800\" height=\"663\" src=\"https:\/\/bredent-group.com\/wp-content\/uploads\/2023\/02\/geschaftsleitung_banner_website.jpg\" class=\"attachment-full size-full wp-image-29710\" alt=\"\" srcset=\"https:\/\/bredent-group.com\/wp-content\/uploads\/2023\/02\/geschaftsleitung_banner_website.jpg 1800w, https:\/\/bredent-group.com\/wp-content\/uploads\/2023\/02\/geschaftsleitung_banner_website-300x111.jpg 300w, https:\/\/bredent-group.com\/wp-content\/uploads\/2023\/02\/geschaftsleitung_banner_website-1024x377.jpg 1024w, https:\/\/bredent-group.com\/wp-content\/uploads\/2023\/02\/geschaftsleitung_banner_website-768x283.jpg 768w, https:\/\/bredent-group.com\/wp-content\/uploads\/2023\/02\/geschaftsleitung_banner_website-1536x566.jpg 1536w\" sizes=\"(max-width: 1800px) 100vw, 1800px\" \/>\t\t\t\t\t\t\t\t\t\t\t\t\t\t\t<\/div>\n\t\t\t\t<\/div>\n\t\t\t\t<div class=\"elementor-element elementor-element-ea95bcc elementor-blockquote--skin-quotation elementor-blockquote--align-center elementor-widget__width-initial elementor-invisible elementor-widget elementor-widget-blockquote\" data-id=\"ea95bcc\" data-element_type=\"widget\" data-e-type=\"widget\" data-settings=\"{&quot;_animation&quot;:&quot;slideInUp&quot;}\" data-widget_type=\"blockquote.default\">\n\t\t\t\t<div class=\"elementor-widget-container\">\n\t\t\t\t\t\t\t<blockquote class=\"elementor-blockquote\">\n\t\t\t<p class=\"elementor-blockquote__content\">\n\t\t\t\t\"Nous ne sommes pas les personnes les plus importantes dans l\u2019entreprise :<br>\r\nCe sont nos collaborateurs, leur motivation et passion qui forment le vrai capital du bredent group\"\t\t\t<\/p>\n\t\t\t\t\t<\/blockquote>\n\t\t\t\t\t\t<\/div>\n\t\t\t\t<\/div>\n\t\t\t\t<\/div>\n\t\t\t\t\t<\/div>\n\t\t\t\t<\/div>\n\t\t<div class=\"elementor-element elementor-element-e9438ba e-con-full e-flex e-con e-parent\" data-id=\"e9438ba\" data-element_type=\"container\" data-e-type=\"container\" data-settings=\"{&quot;background_background&quot;:&quot;classic&quot;}\">\n\t\t\t\t<div class=\"elementor-element elementor-element-c06743f animated-slow elementor-invisible elementor-widget elementor-widget-heading\" data-id=\"c06743f\" data-element_type=\"widget\" data-e-type=\"widget\" data-settings=\"{&quot;_animation&quot;:&quot;slideInDown&quot;}\" data-widget_type=\"heading.default\">\n\t\t\t\t<div class=\"elementor-widget-container\">\n\t\t\t\t\t<h2 class=\"elementor-heading-title elementor-size-default\">groupe bredent en chiffres<\/h2>\t\t\t\t<\/div>\n\t\t\t\t<\/div>\n\t\t<div class=\"elementor-element elementor-element-f2f0b7b e-con-full e-flex e-con e-child\" data-id=\"f2f0b7b\" data-element_type=\"container\" data-e-type=\"container\">\n\t\t<div class=\"elementor-element elementor-element-661c94a e-con-full e-flex e-con e-child\" data-id=\"661c94a\" data-element_type=\"container\" data-e-type=\"container\" data-settings=\"{&quot;background_background&quot;:&quot;classic&quot;}\">\n\t\t\t\t<div class=\"elementor-element elementor-element-74664dc elementor-widget elementor-widget-counter\" data-id=\"74664dc\" data-element_type=\"widget\" data-e-type=\"widget\" data-widget_type=\"counter.default\">\n\t\t\t\t<div class=\"elementor-widget-container\">\n\t\t\t\t\t\t\t<div class=\"elementor-counter\">\n\t\t\t<div class=\"elementor-counter-title\">MEMBRES DE L'\u00c9QUIPE<\/div>\t\t\t<div class=\"elementor-counter-number-wrapper\">\n\t\t\t\t<span class=\"elementor-counter-number-prefix\">&gt;<\/span>\n\t\t\t\t<span class=\"elementor-counter-number\" data-duration=\"2000\" data-to-value=\"600\" data-from-value=\"0\" data-delimiter=\",\">0<\/span>\n\t\t\t\t<span class=\"elementor-counter-number-suffix\"><\/span>\n\t\t\t<\/div>\n\t\t<\/div>\n\t\t\t\t\t\t<\/div>\n\t\t\t\t<\/div>\n\t\t\t\t<\/div>\n\t\t<div class=\"elementor-element elementor-element-f6df519 e-con-full e-flex e-con e-child\" data-id=\"f6df519\" data-element_type=\"container\" data-e-type=\"container\" data-settings=\"{&quot;background_background&quot;:&quot;classic&quot;}\">\n\t\t\t\t<div class=\"elementor-element elementor-element-d357caa elementor-widget elementor-widget-counter\" data-id=\"d357caa\" data-element_type=\"widget\" data-e-type=\"widget\" data-widget_type=\"counter.default\">\n\t\t\t\t<div class=\"elementor-widget-container\">\n\t\t\t\t\t\t\t<div class=\"elementor-counter\">\n\t\t\t<div class=\"elementor-counter-title\">DES PAYS<\/div>\t\t\t<div class=\"elementor-counter-number-wrapper\">\n\t\t\t\t<span class=\"elementor-counter-number-prefix\"><\/span>\n\t\t\t\t<span class=\"elementor-counter-number\" data-duration=\"2500\" data-to-value=\"90\" data-from-value=\"0\" data-delimiter=\",\">0<\/span>\n\t\t\t\t<span class=\"elementor-counter-number-suffix\"><\/span>\n\t\t\t<\/div>\n\t\t<\/div>\n\t\t\t\t\t\t<\/div>\n\t\t\t\t<\/div>\n\t\t\t\t<\/div>\n\t\t<div class=\"elementor-element elementor-element-c69de5c e-con-full e-flex e-con e-child\" data-id=\"c69de5c\" data-element_type=\"container\" data-e-type=\"container\" data-settings=\"{&quot;background_background&quot;:&quot;classic&quot;}\">\n\t\t\t\t<div class=\"elementor-element elementor-element-73da8ec elementor-widget elementor-widget-counter\" data-id=\"73da8ec\" data-element_type=\"widget\" data-e-type=\"widget\" data-widget_type=\"counter.default\">\n\t\t\t\t<div class=\"elementor-widget-container\">\n\t\t\t\t\t\t\t<div class=\"elementor-counter\">\n\t\t\t<div class=\"elementor-counter-title\">produits \/ an<\/div>\t\t\t<div class=\"elementor-counter-number-wrapper\">\n\t\t\t\t<span class=\"elementor-counter-number-prefix\">&gt; <\/span>\n\t\t\t\t<span class=\"elementor-counter-number\" data-duration=\"2000\" data-to-value=\"2\" data-from-value=\"0\" data-delimiter=\",\">0<\/span>\n\t\t\t\t<span class=\"elementor-counter-number-suffix\">m<\/span>\n\t\t\t<\/div>\n\t\t<\/div>\n\t\t\t\t\t\t<\/div>\n\t\t\t\t<\/div>\n\t\t\t\t<\/div>\n\t\t\t\t<\/div>\n\t\t\t\t<\/div>\n\t\t\t\t<section class=\"elementor-section elementor-top-section elementor-element elementor-element-e724720 elementor-section-height-min-height elementor-section-boxed elementor-section-height-default elementor-section-items-middle\" data-id=\"e724720\" data-element_type=\"section\" data-e-type=\"section\" data-settings=\"{&quot;background_background&quot;:&quot;classic&quot;}\">\n\t\t\t\t\t\t\t<div class=\"elementor-background-overlay\"><\/div>\n\t\t\t\t\t\t\t<div class=\"elementor-container elementor-column-gap-default\">\n\t\t\t\t\t<div class=\"elementor-column elementor-col-100 elementor-top-column elementor-element elementor-element-7c4c2e1\" data-id=\"7c4c2e1\" data-element_type=\"column\" data-e-type=\"column\">\n\t\t\t<div class=\"elementor-widget-wrap elementor-element-populated\">\n\t\t\t\t\t\t<div class=\"elementor-element elementor-element-7fc653c animated-slow elementor-invisible elementor-widget elementor-widget-heading\" data-id=\"7fc653c\" data-element_type=\"widget\" data-e-type=\"widget\" data-settings=\"{&quot;_animation&quot;:&quot;slideInDown&quot;}\" data-widget_type=\"heading.default\">\n\t\t\t\t<div class=\"elementor-widget-container\">\n\t\t\t\t\t<h2 class=\"elementor-heading-title elementor-size-default\">ESPRIT DE PARTENARIAT<\/h2>\t\t\t\t<\/div>\n\t\t\t\t<\/div>\n\t\t\t\t<div class=\"elementor-element elementor-element-545718a elementor-widget elementor-widget-text-editor\" data-id=\"545718a\" data-element_type=\"widget\" data-e-type=\"widget\" data-widget_type=\"text-editor.default\">\n\t\t\t\t<div class=\"elementor-widget-container\">\n\t\t\t\t\t\t\t\t\t<p>Dans la coop\u00e9ration nous sommes ouverts et \u00e9quitables.<\/p>\n<p>L\u2019esprit de coop\u00e9ration forme la base de notre r\u00e9ussite \u00e0 long terme. Nous reconnaissons l\u2019importance de la fiabilit\u00e9, de la confiance et des relations.<\/p>\n<p>Nous saisissons avec plaisir la possibilit\u00e9 de former de nouveaux partenariats et nous nous engageons en commun pour la r\u00e9ussite.<\/p>\n\t\t\t\t\t\t\t\t<\/div>\n\t\t\t\t<\/div>\n\t\t\t\t<section class=\"elementor-section elementor-inner-section elementor-element elementor-element-f9beb5a elementor-section-full_width elementor-section-content-middle elementor-section-height-default elementor-section-height-default elementor-invisible\" data-id=\"f9beb5a\" data-element_type=\"section\" data-e-type=\"section\" data-settings=\"{&quot;background_background&quot;:&quot;classic&quot;,&quot;animation&quot;:&quot;zoomIn&quot;}\">\n\t\t\t\t\t\t<div class=\"elementor-container elementor-column-gap-no\">\n\t\t\t\t\t<div class=\"elementor-column elementor-col-50 elementor-inner-column elementor-element elementor-element-e629d29\" data-id=\"e629d29\" data-element_type=\"column\" data-e-type=\"column\">\n\t\t\t<div class=\"elementor-widget-wrap elementor-element-populated\">\n\t\t\t\t\t\t<div class=\"elementor-element elementor-element-4ed7a0a elementor-widget elementor-widget-text-editor\" data-id=\"4ed7a0a\" data-element_type=\"widget\" data-e-type=\"widget\" data-widget_type=\"text-editor.default\">\n\t\t\t\t<div class=\"elementor-widget-container\">\n\t\t\t\t\t\t\t\t\t<p>\u00ab\u00a0L\u2019engagement et le partenariat forment les fondations de notre croissance soutenue&#8230;\u00a0\u00bb<\/p>\n\t\t\t\t\t\t\t\t<\/div>\n\t\t\t\t<\/div>\n\t\t\t\t\t<\/div>\n\t\t<\/div>\n\t\t\t\t<div class=\"elementor-column elementor-col-50 elementor-inner-column elementor-element elementor-element-202ee51\" data-id=\"202ee51\" data-element_type=\"column\" data-e-type=\"column\">\n\t\t\t<div class=\"elementor-widget-wrap elementor-element-populated\">\n\t\t\t\t\t\t<div class=\"elementor-element elementor-element-8fe0651 elementor-invisible elementor-widget elementor-widget-image\" data-id=\"8fe0651\" data-element_type=\"widget\" data-e-type=\"widget\" data-settings=\"{&quot;_animation&quot;:&quot;fadeIn&quot;}\" data-widget_type=\"image.default\">\n\t\t\t\t<div class=\"elementor-widget-container\">\n\t\t\t\t\t\t\t\t\t\t\t\t\t\t\t<img decoding=\"async\" width=\"906\" height=\"349\" src=\"https:\/\/bredent-group.com\/wp-content\/uploads\/2026\/03\/bredent-group-partnership-chart-2026-1.jpg\" class=\"attachment-full size-full wp-image-54904\" alt=\"\" srcset=\"https:\/\/bredent-group.com\/wp-content\/uploads\/2026\/03\/bredent-group-partnership-chart-2026-1.jpg 906w, https:\/\/bredent-group.com\/wp-content\/uploads\/2026\/03\/bredent-group-partnership-chart-2026-1-300x116.jpg 300w, https:\/\/bredent-group.com\/wp-content\/uploads\/2026\/03\/bredent-group-partnership-chart-2026-1-768x296.jpg 768w\" sizes=\"(max-width: 906px) 100vw, 906px\" \/>\t\t\t\t\t\t\t\t\t\t\t\t\t\t\t<\/div>\n\t\t\t\t<\/div>\n\t\t\t\t\t<\/div>\n\t\t<\/div>\n\t\t\t\t\t<\/div>\n\t\t<\/section>\n\t\t\t\t\t<\/div>\n\t\t<\/div>\n\t\t\t\t\t<\/div>\n\t\t<\/section>\n\t\t\t\t<\/div>\n\t\t","protected":false},"excerpt":{"rendered":"<p>bredent groupLa sant\u00e9 commence dans la bouche Notre histoire Depuis 1974 la Soci\u00e9t\u00e9 bredent d\u00e9fend une philosophie bien d\u00e9finie sur le march\u00e9 dentaire. Les produits bredent soutiennent le proth\u00e9siste dans la r\u00e9alisation efficace de proth\u00e8ses esth\u00e9tiques, haut de gamme et dans le respect de l\u2019hygi\u00e8ne parodontale. La devise de bredent a sans cesse \u00e9t\u00e9 l\u2019optimisation [&hellip;]<\/p>\n","protected":false},"author":1,"featured_media":0,"parent":0,"menu_order":51,"comment_status":"closed","ping_status":"closed","template":"","meta":{"footnotes":""},"class_list":["post-2589","page","type-page","status-publish","hentry"],"_links":{"self":[{"href":"https:\/\/bredent-group.com\/fr\/wp-json\/wp\/v2\/pages\/2589","targetHints":{"allow":["GET"]}}],"collection":[{"href":"https:\/\/bredent-group.com\/fr\/wp-json\/wp\/v2\/pages"}],"about":[{"href":"https:\/\/bredent-group.com\/fr\/wp-json\/wp\/v2\/types\/page"}],"author":[{"embeddable":true,"href":"https:\/\/bredent-group.com\/fr\/wp-json\/wp\/v2\/users\/1"}],"replies":[{"embeddable":true,"href":"https:\/\/bredent-group.com\/fr\/wp-json\/wp\/v2\/comments?post=2589"}],"version-history":[{"count":12,"href":"https:\/\/bredent-group.com\/fr\/wp-json\/wp\/v2\/pages\/2589\/revisions"}],"predecessor-version":[{"id":55645,"href":"https:\/\/bredent-group.com\/fr\/wp-json\/wp\/v2\/pages\/2589\/revisions\/55645"}],"wp:attachment":[{"href":"https:\/\/bredent-group.com\/fr\/wp-json\/wp\/v2\/media?parent=2589"}],"curies":[{"name":"wp","href":"https:\/\/api.w.org\/{rel}","templated":true}]}}