{"id":2940,"date":"2020-01-23T13:48:00","date_gmt":"2020-01-23T13:48:00","guid":{"rendered":"https:\/\/neu.bredentgroup.com\/impressum\/"},"modified":"2023-10-17T10:55:45","modified_gmt":"2023-10-17T08:55:45","slug":"impressum","status":"publish","type":"page","link":"https:\/\/bredent-group.com\/fr\/impressum\/","title":{"rendered":"Impressum"},"content":{"rendered":"\t\t<div data-elementor-type=\"wp-page\" data-elementor-id=\"2940\" class=\"elementor elementor-2940 elementor-1576\" data-elementor-post-type=\"page\">\n\t\t\t\t<div class=\"elementor-element elementor-element-ec203d9 e-flex e-con-boxed e-con e-parent\" data-id=\"ec203d9\" data-element_type=\"container\" data-e-type=\"container\">\n\t\t\t\t\t<div class=\"e-con-inner\">\n\t\t\t\t<div class=\"elementor-element elementor-element-880f09b elementor-widget elementor-widget-toggle\" data-id=\"880f09b\" data-element_type=\"widget\" data-e-type=\"widget\" data-widget_type=\"toggle.default\">\n\t\t\t\t<div class=\"elementor-widget-container\">\n\t\t\t\t\t\t\t<div class=\"elementor-toggle\">\n\t\t\t\t\t\t\t<div class=\"elementor-toggle-item\">\n\t\t\t\t\t<div id=\"elementor-tab-title-1421\" class=\"elementor-tab-title\" data-tab=\"1\" role=\"button\" aria-controls=\"elementor-tab-content-1421\" aria-expanded=\"false\">\n\t\t\t\t\t\t\t\t\t\t\t\t<span class=\"elementor-toggle-icon elementor-toggle-icon-left\" aria-hidden=\"true\">\n\t\t\t\t\t\t\t\t\t\t\t\t\t\t\t<span class=\"elementor-toggle-icon-closed\"><i class=\"fas fa-caret-right\"><\/i><\/span>\n\t\t\t\t\t\t\t\t<span class=\"elementor-toggle-icon-opened\"><i class=\"elementor-toggle-icon-opened fas fa-caret-down\"><\/i><\/span>\n\t\t\t\t\t\t\t\t\t\t\t\t\t<\/span>\n\t\t\t\t\t\t\t\t\t\t\t\t<a class=\"elementor-toggle-title\" tabindex=\"0\">bredent<\/a>\n\t\t\t\t\t<\/div>\n\n\t\t\t\t\t<div id=\"elementor-tab-content-1421\" class=\"elementor-tab-content elementor-clearfix\" data-tab=\"1\" role=\"region\" aria-labelledby=\"elementor-tab-title-1421\"><h2><span style=\"color: #000000;\">Impressum<\/span><\/h2><div class=\"common imprint\"><h3><span style=\"color: #000000;\">Renseignements dans le cadre du \u00a7 5 TMG<\/span><\/h3><p><span style=\"color: #000000;\">bredent GmbH &amp; Co. KG<\/span><br \/><span style=\"color: #000000;\">Wei\u00dfenhorner Stra\u00dfe 2<\/span><br \/><span style=\"color: #000000;\">89250 Senden (Allemagne)<\/span><br \/><span style=\"color: #000000;\">T\u00e9l\u00e9phone: +49 7309 \/ 872-442<\/span><br \/><span style=\"color: #000000;\">T\u00e9l\u00e9fax: +49 7309 \/ 872-444<\/span><br \/><span style=\"color: #000000;\">E-Mail: info@bredent.com<\/span><\/p><p><span style=\"color: #000000;\">bredent GmbH &amp; Co. KG<\/span><br \/><span style=\"color: #000000;\">G\u00e9rants autoris\u00e9s \u00e0 repr\u00e9senter: Peter Brehm, Brigitte Brehm, Nils Brehm, Olaf Gl\u00fcck, Gerald Micko<\/span><br \/><span style=\"color: #000000;\">Cour de registre: Amtsgericht Memmingen<\/span><br \/><span style=\"color: #000000;\">Num\u00e9ro d&rsquo;enregistrement: HRA 11358<\/span><br \/><span style=\"color: #000000;\">Si\u00e8ge de la bredent GmbH &amp; Co. KG: 89250 Senden, Allemagne<\/span><\/p><p><span style=\"color: #000000;\">Associ\u00e9e tenue personnellement responsable (commandit\u00e9e): bredent Beteiligungs- und Verwaltungs-GmbH<\/span><br \/><span style=\"color: #000000;\">G\u00e9rants autoris\u00e9s \u00e0 repr\u00e9senter:\u00a0 Peter Brehm, Brigitte Brehm, Nils Brehm, Olaf Gl\u00fcck, Gerald Micko<\/span><br \/><span style=\"color: #000000;\">Cour de registre: Amtsgericht Memmingen<\/span><br \/><span style=\"color: #000000;\">Num\u00e9ro d&rsquo;enregistrement: HRB 12912<\/span><br \/><span style=\"color: #000000;\">Si\u00e8ge de la bredent Beteiligungs- und Verwaltungs-GmbH: 89250 Senden, Allemagne<\/span><\/p><p><span style=\"color: #000000;\"><strong>Num\u00e9ro d&rsquo;identification de la taxe sur le chiffre d&rsquo;affaires selon \u00a7 27 a de la loi sur la taxe \u00e0 la valeur ajout\u00e9e (UStV)<\/strong><\/span><\/p><p><span style=\"color: #000000;\">DE 251580726<\/span><br \/><span style=\"color: #000000;\">WEEE-Reg.Nr. DE 22730329<\/span><\/p><p><span style=\"color: #000000;\"><strong>Responsable du contenu selon \u00a7 55 Abs. 2 RStV<\/strong><\/span><br \/><span style=\"color: #000000;\">Olaf Gl\u00fcck (m\u00eame adresse que ci-dessus)<\/span><\/p><p><span style=\"color: #000000;\"><strong>R\u00e8glement de litiges online pour consommateurs, participation \u00e0 la proc\u00e9dure de r\u00e8glement des litiges<\/strong><\/span><br \/><span style=\"color: #000000;\">(1) La soci\u00e9t\u00e9 bredent GmbH &amp; Co. KG n\u2019est par principe pas dispos\u00e9e et dans l\u2019obligation de participer \u00e0 des proc\u00e9dures de r\u00e8glements de litiges d\u2019un bureau de conciliation pour consommateurs.<\/span><br \/><span style=\"color: #000000;\">(2) Plateforme de la Commission de l\u2019UE pour le r\u00e8glement de litiges:<\/span><br \/><span style=\"color: #000000;\"><a style=\"color: #000000;\" href=\"https:\/\/www.ec.europa.eu\/consumers\/odr\" target=\"_blank\" rel=\"noopener\">https:\/\/www.ec.europa.eu\/consumers\/odr<\/a><\/span><\/p><p><span style=\"color: #000000;\"><strong>Programmation et op\u00e9ration du serveur \/ host<\/strong><\/span><br \/><span style=\"color: #000000;\"><a style=\"color: #000000;\" href=\"http:\/\/www.imos.net\/\" target=\"_blank\" rel=\"noopener\">Si\u00e8ge \u00e0 G\u00f6ppingen<br \/>imos Gesellschaft f\u00fcr<br \/>Internet-Marketing und<br \/>Online-Services mbH<\/a><\/span><br \/><span style=\"color: #000000;\">Alfons-Feifel-Str. 9<\/span><br \/><span style=\"color: #000000;\">73037 G\u00f6ppingen (Germany)<\/span><br \/><span style=\"color: #000000;\">T\u00e9l\u00e9phone: +49 7161 93339-0<\/span><br \/><span style=\"color: #000000;\">T\u00e9l\u00e9fax: +49 7161 93339-99<\/span><br \/><span style=\"color: #000000;\">E-mail: <a style=\"color: #000000;\" href=\"mailto:info@imos.net\">info@imos.net<\/a><\/span><br \/><span style=\"color: #000000;\">Internet: <a style=\"color: #000000;\" href=\"http:\/\/www.imos.net\/\" target=\"_blank\" rel=\"noopener\">www.imos.net<\/a><\/span><\/p><p><span style=\"color: #000000;\"><strong>Remarque<br \/>Tous les produits ne sont pas autoris\u00e9s et disponibles sur tous les march\u00e9s.<br \/>Si vous avez des questions, veuillez vous adresser \u00e0 la soci\u00e9t\u00e9 bredent GmbH &amp; Co. KG<br \/>ou \u00e0 ses partenaires du marketing.<\/strong><\/span><\/p><p><span style=\"color: #000000;\"><strong>CLAUSE DE NON-RESPONSABILIT\u00c9<\/strong><\/span><\/p><p style=\"padding-left: 40px;\"><span style=\"color: #000000;\"><em><strong>1. Limitation de la responsabilit\u00e9<\/strong><\/em><\/span><br \/><span style=\"color: #000000;\">Le contenu de ce site web a \u00e9t\u00e9 r\u00e9dig\u00e9 avec le plus grand soin. Le fournisseur ne porte toutefois pas la responsabilit\u00e9 pour l&rsquo;exactitude, l&rsquo;exhaustivit\u00e9 et l&rsquo;actualit\u00e9 des textes mis \u00e0 disposition. L&rsquo;utilisation du contenu du site web se fait aux propres risques de son<\/span><br \/><span style=\"color: #000000;\">utilisateur. Les textes publi\u00e9s par une personne bien d\u00e9finie refl\u00e8tent l&rsquo;opinion de l&rsquo;auteur mais pas toujours celle du fournisseur. S&rsquo;il y a uniquement utilisation du site web par le fournisseur, aucun rapport contractuel ne peut \u00eatre \u00e9tabli entre l&rsquo;utilisateur et le fournisseur.<\/span><\/p><p style=\"padding-left: 40px;\"><span style=\"color: #000000;\"><em><strong>2. Liens externes<\/strong><\/em><\/span><br \/><span style=\"color: #000000;\">Ce site web contient des liens avec des sites web de tiers (\u00ab\u00a0Liens externes\u00a0\u00bb). Ces sites web sont sous la responsabilit\u00e9 des op\u00e9rateurs respectifs. En \u00e9tablissant la premi\u00e8re fois la relation avec les liens externes, le fournisseur a v\u00e9rifi\u00e9 s&rsquo;il y avait d&rsquo;\u00e9ventuelles violations<\/span><br \/><span style=\"color: #000000;\">du droit. A ce moment-l\u00e0 des violations du droit n&rsquo;\u00e9taient pas perceptibles. Le fournisseur n&rsquo;a aucune influence sur la conception actuelle et future et sur le contenu des sites web connect\u00e9s par les liens. La mise en place de liens externes ne signifie pas que le fournisseur<\/span><br \/><span style=\"color: #000000;\">s&rsquo;attribue le contenu de prises de r\u00e9f\u00e9rences ou du lien. Un contr\u00f4le continu des liens externes ne peut raisonnablement pas \u00eatre exig\u00e9 du fournisseur sans qu&rsquo;on lui signale des violations de droit. D\u00e8s que des violations de droit seront connues, de tels liens externes seront imm\u00e9diatement supprim\u00e9s.<\/span><\/p><p style=\"padding-left: 40px;\"><span style=\"color: #000000;\"><em><strong>3. Droits de propri\u00e9t\u00e9 intellectuelle et droits de protection de prestations<\/strong><\/em><\/span><br \/><span style=\"color: #000000;\">Le contenu publi\u00e9 sur ce site web ressort du droit de propri\u00e9t\u00e9 intellectuelle et du droit de protection de prestations allemands. Toute exploitation\/utilisation non autoris\u00e9e par le droit de propri\u00e9t\u00e9 intellectuelle et droit de protection allemands requiert une autorisation<\/span><br \/><span style=\"color: #000000;\">pr\u00e9alable par \u00e9crit de la part du fournisseur ou d\u00e9tenteur des droits respectifs. Ceci est en particulier valable en cas de reproduction, copies, traitements de texte, traductions, enregistrement, traitement ou reproduction d&rsquo;un texte dans des banques de donn\u00e9es ou autres m\u00e9dias ou syst\u00e8mes \u00e9lectroniques. Les textes ou droits de tiers sont identifi\u00e9s comme tels. La reproduction ou transmission non autoris\u00e9e de textes ou pages compl\u00e8tes est interdite et passible d&rsquo;une peine. Il est uniquement permis d&rsquo;effectuer des copies et t\u00e9l\u00e9chargements pour une utilisation personnelle, priv\u00e9e et non commerciale.<\/span><br \/><span style=\"color: #000000;\">La repr\u00e9sentation de ce site web dans des trames d&rsquo;information qui ne sont pas notre propri\u00e9t\u00e9 n&rsquo;est permise qu&rsquo;apr\u00e8s autorisation \u00e9crite.<\/span><\/p><p style=\"padding-left: 40px;\"><span style=\"color: #000000;\"><strong><em>4. Protection des donn\u00e9es <\/em><\/strong><\/span><\/p><p><span style=\"color: #000000;\">\u00a0 \u00a0 \u00a0 \u00a0 \u00a0\u00a0<a style=\"color: #000000;\" href=\"https:\/\/neu.bredentgroup.com\/fr\/declaration-de-protection-des-donnees\/\" target=\"_blank\" rel=\"noopener\"><em>D\u00e9claration de protection des donn\u00e9es<\/em><\/a><!--FOLGENDER SATZ SOLL NICHT MEHR ANGEZEIGT WERDEN Le fournisseur signale express\u00e9ment que le transfert de donn\u00e9es sur Internet (par ex. la communication par courriel) peut pr\u00e9senter des failles de s\u00e9curit\u00e9 et n'est pas prot\u00e9g\u00e9 int\u00e9gralement contre l'acc\u00e8s de tiers. --><\/span><\/p><p style=\"padding-left: 40px;\"><span style=\"color: #000000;\">L&rsquo;utilisation de donn\u00e9es de contact de ces informations l\u00e9gales pour des fins publicitaires est express\u00e9ment non d\u00e9sir\u00e9e, \u00e0 moins que le fournisseur ait pr\u00e9alablement donn\u00e9 son accord par \u00e9crit ou lorsqu&rsquo;une relation commerciale existe d\u00e9j\u00e0. Le fournisseur et toutes<\/span><br \/><span style=\"color: #000000;\">les personnes cit\u00e9es sur ce site web s&rsquo;interdisent par la pr\u00e9sente toute utilisation ou transmission commerciale de leurs donn\u00e9es.<\/span><\/p><p style=\"padding-left: 40px;\"><span style=\"color: #000000;\"><strong><em>5. Conditions d&rsquo;utilisation particuli\u00e8res<\/em><\/strong><\/span><br \/><span style=\"color: #000000;\">Au cas o\u00f9 des conditions d&rsquo;utilisation pour des utilisations particuli\u00e8res de ce site web formeraient une d\u00e9rogation aux num\u00e9ros de paragraphes 1 \u00e0 4 ci-dessus, ceci est signal\u00e9 express\u00e9ment \u00e0 l&rsquo;endroit correspondant. Dans ce cas l\u00e0, ce seront les conditions d&rsquo;utilisation particuli\u00e8res qui seront valables au cas par cas.<\/span><\/p><\/div><\/div>\n\t\t\t\t<\/div>\n\t\t\t\t\t\t\t<div class=\"elementor-toggle-item\">\n\t\t\t\t\t<div id=\"elementor-tab-title-1422\" class=\"elementor-tab-title\" data-tab=\"2\" role=\"button\" aria-controls=\"elementor-tab-content-1422\" aria-expanded=\"false\">\n\t\t\t\t\t\t\t\t\t\t\t\t<span class=\"elementor-toggle-icon elementor-toggle-icon-left\" aria-hidden=\"true\">\n\t\t\t\t\t\t\t\t\t\t\t\t\t\t\t<span class=\"elementor-toggle-icon-closed\"><i class=\"fas fa-caret-right\"><\/i><\/span>\n\t\t\t\t\t\t\t\t<span class=\"elementor-toggle-icon-opened\"><i class=\"elementor-toggle-icon-opened fas fa-caret-down\"><\/i><\/span>\n\t\t\t\t\t\t\t\t\t\t\t\t\t<\/span>\n\t\t\t\t\t\t\t\t\t\t\t\t<a class=\"elementor-toggle-title\" tabindex=\"0\">bredent-medical<\/a>\n\t\t\t\t\t<\/div>\n\n\t\t\t\t\t<div id=\"elementor-tab-content-1422\" class=\"elementor-tab-content elementor-clearfix\" data-tab=\"2\" role=\"region\" aria-labelledby=\"elementor-tab-title-1422\"><h2><span style=\"color: #000000;\">Impressum<\/span><\/h2><div class=\"common imprint\"><h3><span style=\"color: #000000;\">Renseignements dans le cadre du \u00a7 5 TMG<\/span><\/h3><p><span style=\"color: #000000;\">bredent medical GmbH &amp; Co. KG<\/span><br \/><span style=\"color: #000000;\">Wei\u00dfenhorner Stra\u00dfe 2<\/span><br \/><span style=\"color: #000000;\">89250 Senden (Allemagne)<\/span><br \/><span style=\"color: #000000;\">T\u00e9l\u00e9phone: +49 7309 \/ 872-442<\/span><br \/><span style=\"color: #000000;\">T\u00e9l\u00e9fax: +49 7309 \/ 872-444<\/span><br \/><span style=\"color: #000000;\">E-Mail: info-medical@bredent.com<\/span><br \/><span style=\"color: #000000;\">Internet: www.bredent-medical.com<\/span><\/p><p><span style=\"color: #000000;\">bredent medical GmbH &amp; Co. KG<\/span><br \/><span style=\"color: #000000;\">G\u00e9rants autoris\u00e9s \u00e0 repr\u00e9senter: Peter Brehm, Nils Brehm, Olaf Gl\u00fcck, Gerald Micko<\/span><br \/><span style=\"color: #000000;\">Cour de registre: Amtsgericht Memmingen<\/span><br \/><span style=\"color: #000000;\">Num\u00e9ro d&rsquo;enregistrement: HRA 11274<\/span><br \/><span style=\"color: #000000;\">Si\u00e8ge de la bredent medical GmbH &amp; Co. KG: 89250 Senden, Allemagne<\/span><\/p><p><span style=\"color: #000000;\">Associ\u00e9e tenue personnellement responsable (commandit\u00e9e): bredent medical Verwaltungs- und Handels-GmbH<\/span><br \/><span style=\"color: #000000;\">G\u00e9rants autoris\u00e9s \u00e0 repr\u00e9senter: Peter Brehm, Nils Brehm, Olaf Gl\u00fcck, Gerald Micko<\/span><br \/><span style=\"color: #000000;\">Cour de registre: Amtsgericht Memmingen<\/span><br \/><span style=\"color: #000000;\">Num\u00e9ro d&rsquo;enregistrement: HRB 12744<\/span><br \/><span style=\"color: #000000;\">Si\u00e8ge de la bredent medical Verwaltungs- und Handels-GmbH: 89250 Senden, Allemagne<\/span><\/p><p><span style=\"color: #000000;\"><strong>Num\u00e9ro d&rsquo;identification de la taxe sur le chiffre d&rsquo;affaires selon \u00a7 27 a de la loi sur la taxe \u00e0 la valeur ajout\u00e9e (UStV)<\/strong><\/span><br \/><span style=\"color: #000000;\">DE 247337738<\/span><br \/><span style=\"color: #000000;\">WEEE-Reg.Nr. DE 22730329<\/span><\/p><p><span style=\"color: #000000;\"><strong>Responsable du contenu selon \u00a7 55 Abs. 2 RStV<\/strong><\/span><br \/><span style=\"color: #000000;\">Micko Gerald\u00a0(m\u00eame adresse que ci-dessus)<\/span><\/p><p><span style=\"color: #000000;\"><strong>R\u00e8glement de litiges online pour consommateurs, participation \u00e0 la proc\u00e9dure de r\u00e8glement des litiges<\/strong><\/span><br \/><span style=\"color: #000000;\">(1) La soci\u00e9t\u00e9 bredent medical GmbH &amp; Co. KG n\u2019est par principe pas dispos\u00e9e et dans l\u2019obligation de participer \u00e0 des proc\u00e9dures de r\u00e8glements de litiges d\u2019un bureau de conciliation pour consommateurs.<\/span><br \/><span style=\"color: #000000;\">(2) Plateforme de la Commission de l\u2019UE pour le r\u00e8glement de litiges:<\/span><br \/><span style=\"color: #000000;\"><a style=\"color: #000000;\" href=\"https:\/\/www.ec.europa.eu\/consumers\/odr\" target=\"new\" rel=\"noopener\">https:\/\/www.ec.europa.eu\/consumers\/odr<\/a><\/span><\/p><p><span style=\"color: #000000;\"><strong>Programmation et op\u00e9ration du serveur \/ host<\/strong><\/span><br \/><span style=\"color: #000000;\"><a style=\"color: #000000;\" href=\"http:\/\/www.imos.net\/\" target=\"_blank\" rel=\"noopener\">Si\u00e8ge \u00e0 G\u00f6ppingen<br \/>imos Gesellschaft f\u00fcr<br \/>Internet-Marketing und<br \/>Online-Services mbH<\/a><\/span><br \/><span style=\"color: #000000;\">Alfons-Feifel-Str. 9<\/span><br \/><span style=\"color: #000000;\">73037 G\u00f6ppingen (Germany)<\/span><br \/><span style=\"color: #000000;\">T\u00e9l\u00e9phone: +49 7161 93339-0<\/span><br \/><span style=\"color: #000000;\">T\u00e9l\u00e9fax: +49 7161 93339-99<\/span><br \/><span style=\"color: #000000;\">E-mail: <a style=\"color: #000000;\" href=\"mailto:info@imos.net\">info@imos.net<\/a><\/span><br \/><span style=\"color: #000000;\">Internet: <a style=\"color: #000000;\" href=\"http:\/\/www.imos.net\/\" target=\"_blank\" rel=\"noopener\">www.imos.net<\/a><\/span><\/p><p><span style=\"color: #000000;\"><strong>Remarque<br \/>Tous les produits ne sont pas autoris\u00e9s et disponibles sur tous les march\u00e9s. Si vous avez des questions, veuillez vous adresser \u00e0 la soci\u00e9t\u00e9 bredent medical GmbH &amp; Co. KG ou \u00e0 ses partenaires du marketing.<\/strong><\/span><\/p><p><span style=\"color: #000000;\"><strong>CLAUSE DE NON-RESPONSABILIT\u00c9<\/strong><\/span><\/p><p style=\"padding-left: 40px;\"><span style=\"color: #000000;\"><em><strong>1. Limitation de la responsabilit\u00e9<\/strong><\/em><\/span><br \/><span style=\"color: #000000;\">Le contenu de ce site web a \u00e9t\u00e9 r\u00e9dig\u00e9 avec le plus grand soin. Le fournisseur ne porte toutefois pas la responsabilit\u00e9 pour l&rsquo;exactitude, l&rsquo;exhaustivit\u00e9 et l&rsquo;actualit\u00e9 des textes mis \u00e0 disposition. L&rsquo;utilisation du contenu du site web se fait aux propres risques de son utilisateur. Les textes publi\u00e9s par une personne bien d\u00e9finie refl\u00e8tent l&rsquo;opinion de l&rsquo;auteur mais pas toujours celle du fournisseur. S&rsquo;il y a uniquement utilisation du site web par le fournisseur, aucun rapport contractuel ne peut \u00eatre \u00e9tabli entre l&rsquo;utilisateur et le fournisseur.<\/span><\/p><p style=\"padding-left: 40px;\"><span style=\"color: #000000;\"><em><strong>2. Liens externes<\/strong><\/em><\/span><br \/><span style=\"color: #000000;\">Ce site web contient des liens avec des sites web de tiers (\u00ab\u00a0Liens externes\u00a0\u00bb). Ces sites web sont sous la responsabilit\u00e9 des op\u00e9rateurs respectifs. En \u00e9tablissant la premi\u00e8re fois la relation avec les liens externes, le fournisseur a v\u00e9rifi\u00e9 s&rsquo;il y avait d&rsquo;\u00e9ventuelles violations du droit. A ce moment-l\u00e0 des violations du droit n&rsquo;\u00e9taient pas perceptibles. Le fournisseur n&rsquo;a aucune influence sur la conception actuelle et future et sur le contenu des sites web connect\u00e9s par les liens. La mise en place de liens externes ne signifie pas que le fournisseur s&rsquo;attribue le contenu de prises de r\u00e9f\u00e9rences ou du lien. Un contr\u00f4le continu des liens externes ne peut raisonnablement pas \u00eatre exig\u00e9 du fournisseur sans qu&rsquo;on lui signale des violations de droit. D\u00e8s que des violations de droit seront connues, de tels liens externes seront imm\u00e9diatement supprim\u00e9s.<\/span><\/p><p style=\"padding-left: 40px;\"><span style=\"color: #000000;\"><em><strong>3. Droits de propri\u00e9t\u00e9 intellectuelle et droits de protection de prestations<\/strong><\/em><\/span><br \/><span style=\"color: #000000;\">Le contenu publi\u00e9 sur ce site web ressort du droit de propri\u00e9t\u00e9 intellectuelle et du droit de protection de prestations allemands. Toute exploitation\/utilisation non autoris\u00e9e par le droit de propri\u00e9t\u00e9 intellectuelle et droit de protection allemands requiert une autorisation pr\u00e9alable par \u00e9crit de la part du fournisseur ou d\u00e9tenteur des droits respectifs. Ceci est en particulier valable en cas de reproduction, copies, traitements de texte, traductions, enregistrement, traitement ou reproduction d&rsquo;un texte dans des banques de donn\u00e9es ou autres m\u00e9dias ou syst\u00e8mes \u00e9lectroniques. Les textes ou droits de tiers sont identifi\u00e9s comme tels. La reproduction ou transmission non autoris\u00e9e de textes ou pages compl\u00e8tes est interdite et passible d&rsquo;une peine. Il est uniquement permis d&rsquo;effectuer des copies et t\u00e9l\u00e9chargements pour une utilisation personnelle, priv\u00e9e et non commerciale.<\/span><br \/><span style=\"color: #000000;\">La repr\u00e9sentation de ce site web dans des trames d&rsquo;information qui ne sont pas notre propri\u00e9t\u00e9 n&rsquo;est permise qu&rsquo;apr\u00e8s autorisation \u00e9crite.<\/span><\/p><p style=\"padding-left: 40px;\"><span style=\"color: #000000;\"><strong><em>4. Protection des donn\u00e9es<\/em><\/strong><\/span><\/p><p style=\"padding-left: 40px;\"><span style=\"color: #000000;\"><a style=\"color: #000000;\" href=\"https:\/\/neu.bredentgroup.com\/fr\/declaration-de-protection-des-donnees\/\" target=\"_blank\" rel=\"noopener\"><em>D\u00e9claration de protection des donn\u00e9es<\/em><\/a><\/span><\/p><p style=\"padding-left: 40px;\"><span style=\"color: #000000;\">L&rsquo;utilisation de donn\u00e9es de contact de ces informations l\u00e9gales pour des fins publicitaires est express\u00e9ment non d\u00e9sir\u00e9e, \u00e0 moins que le fournisseur ait pr\u00e9alablement donn\u00e9 son accord par \u00e9crit ou lorsqu&rsquo;une relation commerciale existe d\u00e9j\u00e0. Le fournisseur et toutes les personnes cit\u00e9es sur ce site web s&rsquo;interdisent par la pr\u00e9sente toute utilisation ou transmission commerciale de leurs donn\u00e9es.<\/span><\/p><p style=\"padding-left: 40px;\"><span style=\"color: #000000;\"><strong><em>5. Conditions d&rsquo;utilisation particuli\u00e8res<\/em><\/strong><\/span><br \/><span style=\"color: #000000;\">Au cas o\u00f9 des conditions d&rsquo;utilisation pour des utilisations particuli\u00e8res de ce site web formeraient une d\u00e9rogation aux num\u00e9ros de paragraphes 1 \u00e0 4 ci-dessus, ceci est signal\u00e9 express\u00e9ment \u00e0 l&rsquo;endroit correspondant. Dans ce cas l\u00e0, ce seront les conditions d&rsquo;utilisation particuli\u00e8res qui seront valables au cas par cas.<\/span><\/p><\/div><\/div>\n\t\t\t\t<\/div>\n\t\t\t\t\t\t\t\t<\/div>\n\t\t\t\t\t\t<\/div>\n\t\t\t\t<\/div>\n\t\t\t\t\t<\/div>\n\t\t\t\t<\/div>\n\t\t\t\t<\/div>\n\t\t","protected":false},"excerpt":{"rendered":"<p>bredent Impressum Renseignements dans le cadre du \u00a7 5 TMG bredent GmbH &amp; Co. KGWei\u00dfenhorner Stra\u00dfe 289250 Senden (Allemagne)T\u00e9l\u00e9phone: +49 7309 \/ 872-442T\u00e9l\u00e9fax: +49 7309 \/ 872-444E-Mail: info@bredent.com bredent GmbH &amp; Co. KGG\u00e9rants autoris\u00e9s \u00e0 repr\u00e9senter: Peter Brehm, Brigitte Brehm, Nils Brehm, Olaf Gl\u00fcck, Gerald MickoCour de registre: Amtsgericht MemmingenNum\u00e9ro d&#8217;enregistrement: HRA 11358Si\u00e8ge de la [&hellip;]<\/p>\n","protected":false},"author":1,"featured_media":0,"parent":0,"menu_order":101,"comment_status":"closed","ping_status":"closed","template":"","meta":{"footnotes":""},"class_list":["post-2940","page","type-page","status-publish","hentry"],"_links":{"self":[{"href":"https:\/\/bredent-group.com\/fr\/wp-json\/wp\/v2\/pages\/2940","targetHints":{"allow":["GET"]}}],"collection":[{"href":"https:\/\/bredent-group.com\/fr\/wp-json\/wp\/v2\/pages"}],"about":[{"href":"https:\/\/bredent-group.com\/fr\/wp-json\/wp\/v2\/types\/page"}],"author":[{"embeddable":true,"href":"https:\/\/bredent-group.com\/fr\/wp-json\/wp\/v2\/users\/1"}],"replies":[{"embeddable":true,"href":"https:\/\/bredent-group.com\/fr\/wp-json\/wp\/v2\/comments?post=2940"}],"version-history":[{"count":0,"href":"https:\/\/bredent-group.com\/fr\/wp-json\/wp\/v2\/pages\/2940\/revisions"}],"wp:attachment":[{"href":"https:\/\/bredent-group.com\/fr\/wp-json\/wp\/v2\/media?parent=2940"}],"curies":[{"name":"wp","href":"https:\/\/api.w.org\/{rel}","templated":true}]}}