{"id":32600,"date":"2023-04-13T09:46:18","date_gmt":"2023-04-13T07:46:18","guid":{"rendered":"https:\/\/bredent-group.com\/bredent\/"},"modified":"2026-03-19T11:31:34","modified_gmt":"2026-03-19T10:31:34","slug":"bredent","status":"publish","type":"page","link":"https:\/\/bredent-group.com\/fr\/bredent\/","title":{"rendered":"bredent"},"content":{"rendered":"\t\t<div data-elementor-type=\"wp-page\" data-elementor-id=\"32600\" class=\"elementor elementor-32600 elementor-30890\" data-elementor-post-type=\"page\">\n\t\t\t\t<div class=\"elementor-element elementor-element-640b7b2 e-con-full e-flex e-con e-parent\" data-id=\"640b7b2\" data-element_type=\"container\" data-e-type=\"container\">\n\t\t<div class=\"elementor-element elementor-element-3aa16a7 e-con-full e-flex e-con e-child\" data-id=\"3aa16a7\" data-element_type=\"container\" data-e-type=\"container\" data-settings=\"{&quot;background_background&quot;:&quot;classic&quot;,&quot;shape_divider_bottom&quot;:&quot;triangle&quot;,&quot;shape_divider_bottom_negative&quot;:&quot;yes&quot;}\">\n\t\t\t\t<div class=\"elementor-shape elementor-shape-bottom\" aria-hidden=\"true\" data-negative=\"true\">\n\t\t\t<svg xmlns=\"http:\/\/www.w3.org\/2000\/svg\" viewBox=\"0 0 1000 100\" preserveAspectRatio=\"none\">\n\t<path class=\"elementor-shape-fill\" d=\"M500.2,94.7L0,0v100h1000V0L500.2,94.7z\"\/>\n<\/svg>\t\t<\/div>\n\t\t\t\t<div class=\"elementor-element elementor-element-94364d9 elementor-widget elementor-widget-image\" data-id=\"94364d9\" data-element_type=\"widget\" data-e-type=\"widget\" data-widget_type=\"image.default\">\n\t\t\t\t<div class=\"elementor-widget-container\">\n\t\t\t\t\t\t\t\t\t\t\t\t\t\t\t<img fetchpriority=\"high\" decoding=\"async\" width=\"5389\" height=\"1234\" src=\"https:\/\/bredent-group.com\/wp-content\/uploads\/2023\/03\/bredent-White-Logo-PNG-file.png\" class=\"attachment-full size-full wp-image-31086\" alt=\"\" srcset=\"https:\/\/bredent-group.com\/wp-content\/uploads\/2023\/03\/bredent-White-Logo-PNG-file.png 5389w, https:\/\/bredent-group.com\/wp-content\/uploads\/2023\/03\/bredent-White-Logo-PNG-file-300x69.png 300w, https:\/\/bredent-group.com\/wp-content\/uploads\/2023\/03\/bredent-White-Logo-PNG-file-1024x234.png 1024w, https:\/\/bredent-group.com\/wp-content\/uploads\/2023\/03\/bredent-White-Logo-PNG-file-768x176.png 768w, https:\/\/bredent-group.com\/wp-content\/uploads\/2023\/03\/bredent-White-Logo-PNG-file-1536x352.png 1536w, https:\/\/bredent-group.com\/wp-content\/uploads\/2023\/03\/bredent-White-Logo-PNG-file-2048x469.png 2048w\" sizes=\"(max-width: 5389px) 100vw, 5389px\" \/>\t\t\t\t\t\t\t\t\t\t\t\t\t\t\t<\/div>\n\t\t\t\t<\/div>\n\t\t\t\t<\/div>\n\t\t\t\t<\/div>\n\t\t<div class=\"elementor-element elementor-element-3412d6c e-flex e-con-boxed e-con e-parent\" data-id=\"3412d6c\" data-element_type=\"container\" data-e-type=\"container\">\n\t\t\t\t\t<div class=\"e-con-inner\">\n\t\t<div class=\"elementor-element elementor-element-dd4a002 e-flex e-con-boxed e-con e-child\" data-id=\"dd4a002\" data-element_type=\"container\" data-e-type=\"container\">\n\t\t\t\t\t<div class=\"e-con-inner\">\n\t\t<div class=\"elementor-element elementor-element-7d3f052 e-con-full e-flex e-con e-child\" data-id=\"7d3f052\" data-element_type=\"container\" data-e-type=\"container\" data-settings=\"{&quot;background_background&quot;:&quot;classic&quot;}\">\n\t\t\t\t<div class=\"elementor-element elementor-element-f7abc4a elementor-widget elementor-widget-image\" data-id=\"f7abc4a\" data-element_type=\"widget\" data-e-type=\"widget\" data-widget_type=\"image.default\">\n\t\t\t\t<div class=\"elementor-widget-container\">\n\t\t\t\t\t\t\t\t\t\t\t\t\t\t\t<img decoding=\"async\" width=\"1600\" height=\"1000\" src=\"https:\/\/bredent-group.com\/wp-content\/uploads\/2023\/06\/crea.lign_natural_opalescence_EN.jpg\" class=\"attachment-full size-full wp-image-33274\" alt=\"\" srcset=\"https:\/\/bredent-group.com\/wp-content\/uploads\/2023\/06\/crea.lign_natural_opalescence_EN.jpg 1600w, https:\/\/bredent-group.com\/wp-content\/uploads\/2023\/06\/crea.lign_natural_opalescence_EN-300x188.jpg 300w, https:\/\/bredent-group.com\/wp-content\/uploads\/2023\/06\/crea.lign_natural_opalescence_EN-1024x640.jpg 1024w, https:\/\/bredent-group.com\/wp-content\/uploads\/2023\/06\/crea.lign_natural_opalescence_EN-768x480.jpg 768w, https:\/\/bredent-group.com\/wp-content\/uploads\/2023\/06\/crea.lign_natural_opalescence_EN-1536x960.jpg 1536w\" sizes=\"(max-width: 1600px) 100vw, 1600px\" \/>\t\t\t\t\t\t\t\t\t\t\t\t\t\t\t<\/div>\n\t\t\t\t<\/div>\n\t\t\t\t<\/div>\n\t\t<div class=\"elementor-element elementor-element-ccacf68 e-con-full e-flex e-con e-child\" data-id=\"ccacf68\" data-element_type=\"container\" data-e-type=\"container\" data-settings=\"{&quot;background_background&quot;:&quot;classic&quot;}\">\n\t\t\t\t<div class=\"elementor-element elementor-element-0c2e766 elementor-widget elementor-widget-image\" data-id=\"0c2e766\" data-element_type=\"widget\" data-e-type=\"widget\" data-widget_type=\"image.default\">\n\t\t\t\t<div class=\"elementor-widget-container\">\n\t\t\t\t\t\t\t\t\t\t\t\t\t\t\t<img decoding=\"async\" width=\"4252\" height=\"782\" src=\"https:\/\/bredent-group.com\/wp-content\/uploads\/2023\/02\/visio.lign-Orange-Logo-PNG-file.png\" class=\"attachment-full size-full wp-image-29858\" alt=\"\" srcset=\"https:\/\/bredent-group.com\/wp-content\/uploads\/2023\/02\/visio.lign-Orange-Logo-PNG-file.png 4252w, https:\/\/bredent-group.com\/wp-content\/uploads\/2023\/02\/visio.lign-Orange-Logo-PNG-file-300x55.png 300w, https:\/\/bredent-group.com\/wp-content\/uploads\/2023\/02\/visio.lign-Orange-Logo-PNG-file-1024x188.png 1024w, https:\/\/bredent-group.com\/wp-content\/uploads\/2023\/02\/visio.lign-Orange-Logo-PNG-file-768x141.png 768w, https:\/\/bredent-group.com\/wp-content\/uploads\/2023\/02\/visio.lign-Orange-Logo-PNG-file-1536x282.png 1536w, https:\/\/bredent-group.com\/wp-content\/uploads\/2023\/02\/visio.lign-Orange-Logo-PNG-file-2048x377.png 2048w\" sizes=\"(max-width: 4252px) 100vw, 4252px\" \/>\t\t\t\t\t\t\t\t\t\t\t\t\t\t\t<\/div>\n\t\t\t\t<\/div>\n\t\t\t\t<div class=\"elementor-element elementor-element-3dbcadf elementor-widget elementor-widget-heading\" data-id=\"3dbcadf\" data-element_type=\"widget\" data-e-type=\"widget\" data-widget_type=\"heading.default\">\n\t\t\t\t<div class=\"elementor-widget-container\">\n\t\t\t\t\t<h2 class=\"elementor-heading-title elementor-size-default\">L\u2018esth\u00e9tique et la m\u00e9thodologie<\/h2>\t\t\t\t<\/div>\n\t\t\t\t<\/div>\n\t\t\t\t<div class=\"elementor-element elementor-element-50b356c elementor-align-center elementor-widget elementor-widget-button\" data-id=\"50b356c\" data-element_type=\"widget\" data-e-type=\"widget\" data-widget_type=\"button.default\">\n\t\t\t\t<div class=\"elementor-widget-container\">\n\t\t\t\t\t\t\t\t\t<div class=\"elementor-button-wrapper\">\n\t\t\t\t\t<a class=\"elementor-button elementor-button-link elementor-size-sm\" href=\"https:\/\/www.visiolign.com\/fr\/\" target=\"_blank\" rel=\"noopener\">\n\t\t\t\t\t\t<span class=\"elementor-button-content-wrapper\">\n\t\t\t\t\t\t<span class=\"elementor-button-icon\">\n\t\t\t\t<i aria-hidden=\"true\" class=\"fas fa-arrow-alt-circle-right\"><\/i>\t\t\t<\/span>\n\t\t\t\t\t\t\t\t\t<span class=\"elementor-button-text\">visio.lign.com<\/span>\n\t\t\t\t\t<\/span>\n\t\t\t\t\t<\/a>\n\t\t\t\t<\/div>\n\t\t\t\t\t\t\t\t<\/div>\n\t\t\t\t<\/div>\n\t\t\t\t<\/div>\n\t\t\t\t\t<\/div>\n\t\t\t\t<\/div>\n\t\t\t\t\t<\/div>\n\t\t\t\t<\/div>\n\t\t<div class=\"elementor-element elementor-element-a83a994 e-flex e-con-boxed e-con e-parent\" data-id=\"a83a994\" data-element_type=\"container\" data-e-type=\"container\">\n\t\t\t\t\t<div class=\"e-con-inner\">\n\t\t<div class=\"elementor-element elementor-element-d30f452 e-con-full e-flex e-con e-child\" data-id=\"d30f452\" data-element_type=\"container\" data-e-type=\"container\" data-settings=\"{&quot;background_background&quot;:&quot;classic&quot;}\">\n\t\t\t\t<div class=\"elementor-element elementor-element-d1d89d9 elementor-widget elementor-widget-image\" data-id=\"d1d89d9\" data-element_type=\"widget\" data-e-type=\"widget\" data-widget_type=\"image.default\">\n\t\t\t\t<div class=\"elementor-widget-container\">\n\t\t\t\t\t\t\t\t\t\t\t\t\t\t\t<img decoding=\"async\" src=\"https:\/\/bredent-group.com\/wp-content\/uploads\/2026\/03\/brePRINT-products-bredent-group.png\" title=\"\" alt=\"\" loading=\"lazy\" \/>\t\t\t\t\t\t\t\t\t\t\t\t\t\t\t<\/div>\n\t\t\t\t<\/div>\n\t\t\t\t<\/div>\n\t\t<div class=\"elementor-element elementor-element-8a2c22b e-con-full e-flex e-con e-child\" data-id=\"8a2c22b\" data-element_type=\"container\" data-e-type=\"container\" data-settings=\"{&quot;background_background&quot;:&quot;classic&quot;}\">\n\t\t\t\t<div class=\"elementor-element elementor-element-2d9a802 elementor-widget elementor-widget-image\" data-id=\"2d9a802\" data-element_type=\"widget\" data-e-type=\"widget\" data-widget_type=\"image.default\">\n\t\t\t\t<div class=\"elementor-widget-container\">\n\t\t\t\t\t\t\t\t\t\t\t\t\t\t\t<img loading=\"lazy\" decoding=\"async\" width=\"800\" height=\"360\" src=\"https:\/\/bredent-group.com\/wp-content\/uploads\/2024\/03\/brePRINT-logo-1.png\" class=\"attachment-full size-full wp-image-42063\" alt=\"\" srcset=\"https:\/\/bredent-group.com\/wp-content\/uploads\/2024\/03\/brePRINT-logo-1.png 800w, https:\/\/bredent-group.com\/wp-content\/uploads\/2024\/03\/brePRINT-logo-1-300x135.png 300w, https:\/\/bredent-group.com\/wp-content\/uploads\/2024\/03\/brePRINT-logo-1-768x346.png 768w\" sizes=\"(max-width: 800px) 100vw, 800px\" \/>\t\t\t\t\t\t\t\t\t\t\t\t\t\t\t<\/div>\n\t\t\t\t<\/div>\n\t\t\t\t<div class=\"elementor-element elementor-element-c41ac22 elementor-widget elementor-widget-heading\" data-id=\"c41ac22\" data-element_type=\"widget\" data-e-type=\"widget\" data-widget_type=\"heading.default\">\n\t\t\t\t<div class=\"elementor-widget-container\">\n\t\t\t\t\t<h2 class=\"elementor-heading-title elementor-size-default\">Votre partenaire fiable pour des impressions <br>dentaires 3D de haute qualit\u00e9.\n<\/h2>\t\t\t\t<\/div>\n\t\t\t\t<\/div>\n\t\t\t\t<div class=\"elementor-element elementor-element-ed91713 elementor-align-center elementor-widget elementor-widget-button\" data-id=\"ed91713\" data-element_type=\"widget\" data-e-type=\"widget\" data-widget_type=\"button.default\">\n\t\t\t\t<div class=\"elementor-widget-container\">\n\t\t\t\t\t\t\t\t\t<div class=\"elementor-button-wrapper\">\n\t\t\t\t\t<a class=\"elementor-button elementor-button-link elementor-size-sm\" href=\"https:\/\/bredent-group.com\/fr\/breprint\/\">\n\t\t\t\t\t\t<span class=\"elementor-button-content-wrapper\">\n\t\t\t\t\t\t<span class=\"elementor-button-icon\">\n\t\t\t\t<i aria-hidden=\"true\" class=\"fas fa-arrow-alt-circle-right\"><\/i>\t\t\t<\/span>\n\t\t\t\t\t\t\t\t\t<span class=\"elementor-button-text\">En Savoir Plus<\/span>\n\t\t\t\t\t<\/span>\n\t\t\t\t\t<\/a>\n\t\t\t\t<\/div>\n\t\t\t\t\t\t\t\t<\/div>\n\t\t\t\t<\/div>\n\t\t\t\t<\/div>\n\t\t\t\t\t<\/div>\n\t\t\t\t<\/div>\n\t\t<div class=\"elementor-element elementor-element-717589d e-flex e-con-boxed e-con e-parent\" data-id=\"717589d\" data-element_type=\"container\" data-e-type=\"container\">\n\t\t\t\t\t<div class=\"e-con-inner\">\n\t\t<div class=\"elementor-element elementor-element-44e4b67 e-flex e-con-boxed e-con e-child\" data-id=\"44e4b67\" data-element_type=\"container\" data-e-type=\"container\">\n\t\t\t\t\t<div class=\"e-con-inner\">\n\t\t<div class=\"elementor-element elementor-element-47a524e e-con-full e-flex e-con e-child\" data-id=\"47a524e\" data-element_type=\"container\" data-e-type=\"container\" data-settings=\"{&quot;background_background&quot;:&quot;classic&quot;}\">\n\t\t\t\t<div class=\"elementor-element elementor-element-fc5c69f elementor-widget elementor-widget-image\" data-id=\"fc5c69f\" data-element_type=\"widget\" data-e-type=\"widget\" data-widget_type=\"image.default\">\n\t\t\t\t<div class=\"elementor-widget-container\">\n\t\t\t\t\t\t\t\t\t\t\t\t\t\t\t<img loading=\"lazy\" decoding=\"async\" width=\"700\" height=\"302\" src=\"https:\/\/bredent-group.com\/wp-content\/uploads\/2023\/06\/blanks.png\" class=\"attachment-full size-full wp-image-33268\" alt=\"\" srcset=\"https:\/\/bredent-group.com\/wp-content\/uploads\/2023\/06\/blanks.png 700w, https:\/\/bredent-group.com\/wp-content\/uploads\/2023\/06\/blanks-300x129.png 300w\" sizes=\"(max-width: 700px) 100vw, 700px\" \/>\t\t\t\t\t\t\t\t\t\t\t\t\t\t\t<\/div>\n\t\t\t\t<\/div>\n\t\t\t\t<\/div>\n\t\t<div class=\"elementor-element elementor-element-d7e850d e-con-full e-flex e-con e-child\" data-id=\"d7e850d\" data-element_type=\"container\" data-e-type=\"container\" data-settings=\"{&quot;background_background&quot;:&quot;classic&quot;}\">\n\t\t\t\t<div class=\"elementor-element elementor-element-142cee7 elementor-widget elementor-widget-heading\" data-id=\"142cee7\" data-element_type=\"widget\" data-e-type=\"widget\" data-widget_type=\"heading.default\">\n\t\t\t\t<div class=\"elementor-widget-container\">\n\t\t\t\t\t<h2 class=\"elementor-heading-title elementor-size-default\">Mat\u00e9riaux bioniques<\/h2>\t\t\t\t<\/div>\n\t\t\t\t<\/div>\n\t\t\t\t<div class=\"elementor-element elementor-element-d16a902 elementor-widget elementor-widget-heading\" data-id=\"d16a902\" data-element_type=\"widget\" data-e-type=\"widget\" data-widget_type=\"heading.default\">\n\t\t\t\t<div class=\"elementor-widget-container\">\n\t\t\t\t\t<h2 class=\"elementor-heading-title elementor-size-default\">Avec notre comp\u00e9tence de plus d\u2019une quinzaine d\u2019ann\u00e9es dans le domaine des polym\u00e8res, nous sommes votre partenaire pour les restaurations permanentes en r\u00e9sine, biocompatibles, physiologiques et confortables pour le patient<\/h2>\t\t\t\t<\/div>\n\t\t\t\t<\/div>\n\t\t\t\t<div class=\"elementor-element elementor-element-b783bda elementor-align-center elementor-widget elementor-widget-button\" data-id=\"b783bda\" data-element_type=\"widget\" data-e-type=\"widget\" data-widget_type=\"button.default\">\n\t\t\t\t<div class=\"elementor-widget-container\">\n\t\t\t\t\t\t\t\t\t<div class=\"elementor-button-wrapper\">\n\t\t\t\t\t<a class=\"elementor-button elementor-button-link elementor-size-sm\" href=\"https:\/\/bredent-group.com\/fr\/materiaux-bioniques\/\">\n\t\t\t\t\t\t<span class=\"elementor-button-content-wrapper\">\n\t\t\t\t\t\t<span class=\"elementor-button-icon\">\n\t\t\t\t<i aria-hidden=\"true\" class=\"fas fa-arrow-alt-circle-right\"><\/i>\t\t\t<\/span>\n\t\t\t\t\t\t\t\t\t<span class=\"elementor-button-text\">En Savoir Plus<\/span>\n\t\t\t\t\t<\/span>\n\t\t\t\t\t<\/a>\n\t\t\t\t<\/div>\n\t\t\t\t\t\t\t\t<\/div>\n\t\t\t\t<\/div>\n\t\t\t\t<\/div>\n\t\t\t\t\t<\/div>\n\t\t\t\t<\/div>\n\t\t\t\t\t<\/div>\n\t\t\t\t<\/div>\n\t\t<div class=\"elementor-element elementor-element-8639278 e-flex e-con-boxed e-con e-parent\" data-id=\"8639278\" data-element_type=\"container\" data-e-type=\"container\">\n\t\t\t\t\t<div class=\"e-con-inner\">\n\t\t<div class=\"elementor-element elementor-element-94cdf08 e-con-full e-flex e-con e-child\" data-id=\"94cdf08\" data-element_type=\"container\" data-e-type=\"container\" data-settings=\"{&quot;background_background&quot;:&quot;classic&quot;}\">\n\t\t\t\t<\/div>\n\t\t<div class=\"elementor-element elementor-element-88dabb1 e-con-full e-flex e-con e-child\" data-id=\"88dabb1\" data-element_type=\"container\" data-e-type=\"container\" data-settings=\"{&quot;background_background&quot;:&quot;classic&quot;}\">\n\t\t\t\t<div class=\"elementor-element elementor-element-260a9be elementor-widget elementor-widget-image\" data-id=\"260a9be\" data-element_type=\"widget\" data-e-type=\"widget\" data-widget_type=\"image.default\">\n\t\t\t\t<div class=\"elementor-widget-container\">\n\t\t\t\t\t\t\t\t\t\t\t\t\t\t\t<img loading=\"lazy\" decoding=\"async\" width=\"1311\" height=\"188\" src=\"https:\/\/bredent-group.com\/wp-content\/uploads\/2024\/05\/RevoCone-logo.png\" class=\"attachment-full size-full wp-image-44739\" alt=\"\" srcset=\"https:\/\/bredent-group.com\/wp-content\/uploads\/2024\/05\/RevoCone-logo.png 1311w, https:\/\/bredent-group.com\/wp-content\/uploads\/2024\/05\/RevoCone-logo-300x43.png 300w, https:\/\/bredent-group.com\/wp-content\/uploads\/2024\/05\/RevoCone-logo-1024x147.png 1024w, https:\/\/bredent-group.com\/wp-content\/uploads\/2024\/05\/RevoCone-logo-768x110.png 768w\" sizes=\"(max-width: 1311px) 100vw, 1311px\" \/>\t\t\t\t\t\t\t\t\t\t\t\t\t\t\t<\/div>\n\t\t\t\t<\/div>\n\t\t\t\t<div class=\"elementor-element elementor-element-285f1f1 elementor-widget elementor-widget-heading\" data-id=\"285f1f1\" data-element_type=\"widget\" data-e-type=\"widget\" data-widget_type=\"heading.default\">\n\t\t\t\t<div class=\"elementor-widget-container\">\n\t\t\t\t\t<h2 class=\"elementor-heading-title elementor-size-default\">Le bridge amovible\n\n<\/h2>\t\t\t\t<\/div>\n\t\t\t\t<\/div>\n\t\t\t\t<div class=\"elementor-element elementor-element-74a17dd elementor-align-center elementor-widget elementor-widget-button\" data-id=\"74a17dd\" data-element_type=\"widget\" data-e-type=\"widget\" data-widget_type=\"button.default\">\n\t\t\t\t<div class=\"elementor-widget-container\">\n\t\t\t\t\t\t\t\t\t<div class=\"elementor-button-wrapper\">\n\t\t\t\t\t<a class=\"elementor-button elementor-button-link elementor-size-sm\" href=\"https:\/\/bredent-group.com\/fr\/revocone\/\">\n\t\t\t\t\t\t<span class=\"elementor-button-content-wrapper\">\n\t\t\t\t\t\t<span class=\"elementor-button-icon\">\n\t\t\t\t<i aria-hidden=\"true\" class=\"fas fa-arrow-alt-circle-right\"><\/i>\t\t\t<\/span>\n\t\t\t\t\t\t\t\t\t<span class=\"elementor-button-text\">En Savoir Plus<\/span>\n\t\t\t\t\t<\/span>\n\t\t\t\t\t<\/a>\n\t\t\t\t<\/div>\n\t\t\t\t\t\t\t\t<\/div>\n\t\t\t\t<\/div>\n\t\t\t\t<\/div>\n\t\t\t\t\t<\/div>\n\t\t\t\t<\/div>\n\t\t\t\t<\/div>\n\t\t","protected":false},"excerpt":{"rendered":"<p>L\u2018esth\u00e9tique et la m\u00e9thodologie visio.lign.com Votre partenaire fiable pour des impressions dentaires 3D de haute qualit\u00e9. En Savoir Plus Mat\u00e9riaux bioniques Avec notre comp\u00e9tence de plus d\u2019une quinzaine d\u2019ann\u00e9es dans le domaine des polym\u00e8res, nous sommes votre partenaire pour les restaurations permanentes en r\u00e9sine, biocompatibles, physiologiques et confortables pour le patient En Savoir Plus Le [&hellip;]<\/p>\n","protected":false},"author":1,"featured_media":0,"parent":0,"menu_order":2,"comment_status":"closed","ping_status":"closed","template":"","meta":{"footnotes":""},"class_list":["post-32600","page","type-page","status-publish","hentry"],"_links":{"self":[{"href":"https:\/\/bredent-group.com\/fr\/wp-json\/wp\/v2\/pages\/32600","targetHints":{"allow":["GET"]}}],"collection":[{"href":"https:\/\/bredent-group.com\/fr\/wp-json\/wp\/v2\/pages"}],"about":[{"href":"https:\/\/bredent-group.com\/fr\/wp-json\/wp\/v2\/types\/page"}],"author":[{"embeddable":true,"href":"https:\/\/bredent-group.com\/fr\/wp-json\/wp\/v2\/users\/1"}],"replies":[{"embeddable":true,"href":"https:\/\/bredent-group.com\/fr\/wp-json\/wp\/v2\/comments?post=32600"}],"version-history":[{"count":6,"href":"https:\/\/bredent-group.com\/fr\/wp-json\/wp\/v2\/pages\/32600\/revisions"}],"predecessor-version":[{"id":55542,"href":"https:\/\/bredent-group.com\/fr\/wp-json\/wp\/v2\/pages\/32600\/revisions\/55542"}],"wp:attachment":[{"href":"https:\/\/bredent-group.com\/fr\/wp-json\/wp\/v2\/media?parent=32600"}],"curies":[{"name":"wp","href":"https:\/\/api.w.org\/{rel}","templated":true}]}}