{"id":32602,"date":"2023-04-13T14:50:53","date_gmt":"2023-04-13T12:50:53","guid":{"rendered":"https:\/\/bredent-group.com\/digital-workflow\/"},"modified":"2026-03-19T15:01:37","modified_gmt":"2026-03-19T14:01:37","slug":"workflow","status":"publish","type":"page","link":"https:\/\/bredent-group.com\/fr\/workflow\/","title":{"rendered":"Workflow"},"content":{"rendered":"\t\t<div data-elementor-type=\"wp-page\" data-elementor-id=\"32602\" class=\"elementor elementor-32602 elementor-28401\" data-elementor-post-type=\"page\">\n\t\t\t\t<div class=\"elementor-element elementor-element-63497b5 e-con-full e-flex e-con e-parent\" data-id=\"63497b5\" data-element_type=\"container\" data-e-type=\"container\">\n\t\t<div class=\"elementor-element elementor-element-2322b23 e-con-full e-flex e-con e-child\" data-id=\"2322b23\" data-element_type=\"container\" data-e-type=\"container\" data-settings=\"{&quot;background_background&quot;:&quot;classic&quot;,&quot;shape_divider_bottom&quot;:&quot;triangle&quot;,&quot;shape_divider_bottom_negative&quot;:&quot;yes&quot;}\">\n\t\t\t\t<div class=\"elementor-shape elementor-shape-bottom\" aria-hidden=\"true\" data-negative=\"true\">\n\t\t\t<svg xmlns=\"http:\/\/www.w3.org\/2000\/svg\" viewBox=\"0 0 1000 100\" preserveAspectRatio=\"none\">\n\t<path class=\"elementor-shape-fill\" d=\"M500.2,94.7L0,0v100h1000V0L500.2,94.7z\"\/>\n<\/svg>\t\t<\/div>\n\t\t\t\t<div class=\"elementor-element elementor-element-686c9e5 elementor-widget elementor-widget-heading\" data-id=\"686c9e5\" data-element_type=\"widget\" data-e-type=\"widget\" data-widget_type=\"heading.default\">\n\t\t\t\t<div class=\"elementor-widget-container\">\n\t\t\t\t\t<h2 class=\"elementor-heading-title elementor-size-default\">Digital Workflow<\/h2>\t\t\t\t<\/div>\n\t\t\t\t<\/div>\n\t\t\t\t<\/div>\n\t\t\t\t<\/div>\n\t\t<div class=\"elementor-element elementor-element-fc2f383 e-flex e-con-boxed e-con e-parent\" data-id=\"fc2f383\" data-element_type=\"container\" data-e-type=\"container\">\n\t\t\t\t\t<div class=\"e-con-inner\">\n\t\t<div class=\"elementor-element elementor-element-df879b5 e-con-full e-flex e-con e-child\" data-id=\"df879b5\" data-element_type=\"container\" data-e-type=\"container\" data-settings=\"{&quot;background_background&quot;:&quot;classic&quot;}\">\n\t\t\t\t<\/div>\n\t\t<div class=\"elementor-element elementor-element-fbd4b1c e-con-full e-flex e-con e-child\" data-id=\"fbd4b1c\" data-element_type=\"container\" data-e-type=\"container\" data-settings=\"{&quot;background_background&quot;:&quot;classic&quot;}\">\n\t\t\t\t<div class=\"elementor-element elementor-element-744ff29 elementor-widget elementor-widget-image\" data-id=\"744ff29\" data-element_type=\"widget\" data-e-type=\"widget\" data-widget_type=\"image.default\">\n\t\t\t\t<div class=\"elementor-widget-container\">\n\t\t\t\t\t\t\t\t\t\t\t\t\t\t\t<img fetchpriority=\"high\" decoding=\"async\" width=\"700\" height=\"193\" src=\"https:\/\/bredent-group.com\/wp-content\/uploads\/2022\/11\/dental-concept-logo.png\" class=\"attachment-full size-full wp-image-28425\" alt=\"\" srcset=\"https:\/\/bredent-group.com\/wp-content\/uploads\/2022\/11\/dental-concept-logo.png 700w, https:\/\/bredent-group.com\/wp-content\/uploads\/2022\/11\/dental-concept-logo-300x83.png 300w\" sizes=\"(max-width: 700px) 100vw, 700px\" \/>\t\t\t\t\t\t\t\t\t\t\t\t\t\t\t<\/div>\n\t\t\t\t<\/div>\n\t\t\t\t<div class=\"elementor-element elementor-element-ea1312d elementor-widget elementor-widget-heading\" data-id=\"ea1312d\" data-element_type=\"widget\" data-e-type=\"widget\" data-widget_type=\"heading.default\">\n\t\t\t\t<div class=\"elementor-widget-container\">\n\t\t\t\t\t<h2 class=\"elementor-heading-title elementor-size-default\">NORMES INDUSTRIELLES<br> pour votre laboratoire dentaire<\/h2>\t\t\t\t<\/div>\n\t\t\t\t<\/div>\n\t\t\t\t<div class=\"elementor-element elementor-element-6c8628e elementor-align-center elementor-widget elementor-widget-button\" data-id=\"6c8628e\" data-element_type=\"widget\" data-e-type=\"widget\" data-widget_type=\"button.default\">\n\t\t\t\t<div class=\"elementor-widget-container\">\n\t\t\t\t\t\t\t\t\t<div class=\"elementor-button-wrapper\">\n\t\t\t\t\t<a class=\"elementor-button elementor-button-link elementor-size-sm\" href=\"https:\/\/dental-concept-systems.com\/fr\/\" target=\"_blank\" rel=\"noopener\">\n\t\t\t\t\t\t<span class=\"elementor-button-content-wrapper\">\n\t\t\t\t\t\t<span class=\"elementor-button-icon\">\n\t\t\t\t<i aria-hidden=\"true\" class=\"fas fa-external-link-alt\"><\/i>\t\t\t<\/span>\n\t\t\t\t\t\t\t\t\t<span class=\"elementor-button-text\">Dental Concept Systems<\/span>\n\t\t\t\t\t<\/span>\n\t\t\t\t\t<\/a>\n\t\t\t\t<\/div>\n\t\t\t\t\t\t\t\t<\/div>\n\t\t\t\t<\/div>\n\t\t\t\t<\/div>\n\t\t\t\t\t<\/div>\n\t\t\t\t<\/div>\n\t\t<div class=\"elementor-element elementor-element-30bea85 e-flex e-con-boxed e-con e-parent\" data-id=\"30bea85\" data-element_type=\"container\" data-e-type=\"container\">\n\t\t\t\t\t<div class=\"e-con-inner\">\n\t\t<div class=\"elementor-element elementor-element-26c95f7 e-con-full e-flex e-con e-child\" data-id=\"26c95f7\" data-element_type=\"container\" data-e-type=\"container\" data-settings=\"{&quot;background_background&quot;:&quot;classic&quot;}\">\n\t\t\t\t<div class=\"elementor-element elementor-element-621621a elementor-widget elementor-widget-image\" data-id=\"621621a\" data-element_type=\"widget\" data-e-type=\"widget\" data-widget_type=\"image.default\">\n\t\t\t\t<div class=\"elementor-widget-container\">\n\t\t\t\t\t\t\t\t\t\t\t\t\t\t\t<img decoding=\"async\" src=\"https:\/\/bredent-group.com\/wp-content\/uploads\/2026\/03\/pro-guide-plan-software-suite-desktop.jpg\" title=\"\" alt=\"\" loading=\"lazy\" \/>\t\t\t\t\t\t\t\t\t\t\t\t\t\t\t<\/div>\n\t\t\t\t<\/div>\n\t\t\t\t<\/div>\n\t\t<div class=\"elementor-element elementor-element-434021e e-con-full e-flex e-con e-child\" data-id=\"434021e\" data-element_type=\"container\" data-e-type=\"container\" data-settings=\"{&quot;background_background&quot;:&quot;classic&quot;}\">\n\t\t\t\t<div class=\"elementor-element elementor-element-460b9a3 elementor-widget elementor-widget-image\" data-id=\"460b9a3\" data-element_type=\"widget\" data-e-type=\"widget\" data-widget_type=\"image.default\">\n\t\t\t\t<div class=\"elementor-widget-container\">\n\t\t\t\t\t\t\t\t\t\t\t\t\t\t\t<img decoding=\"async\" width=\"700\" height=\"237\" src=\"https:\/\/bredent-group.com\/wp-content\/uploads\/2026\/03\/bredent-sky-pro-guide-plan-logo-white.png\" class=\"attachment-full size-full wp-image-55528\" alt=\"\" srcset=\"https:\/\/bredent-group.com\/wp-content\/uploads\/2026\/03\/bredent-sky-pro-guide-plan-logo-white.png 700w, https:\/\/bredent-group.com\/wp-content\/uploads\/2026\/03\/bredent-sky-pro-guide-plan-logo-white-300x102.png 300w\" sizes=\"(max-width: 700px) 100vw, 700px\" \/>\t\t\t\t\t\t\t\t\t\t\t\t\t\t\t<\/div>\n\t\t\t\t<\/div>\n\t\t\t\t<div class=\"elementor-element elementor-element-691bb62 elementor-align-center elementor-widget elementor-widget-button\" data-id=\"691bb62\" data-element_type=\"widget\" data-e-type=\"widget\" data-widget_type=\"button.default\">\n\t\t\t\t<div class=\"elementor-widget-container\">\n\t\t\t\t\t\t\t\t\t<div class=\"elementor-button-wrapper\">\n\t\t\t\t\t<a class=\"elementor-button elementor-button-link elementor-size-sm\" href=\"https:\/\/bredent-group.com\/skypgplan\/\" target=\"_blank\">\n\t\t\t\t\t\t<span class=\"elementor-button-content-wrapper\">\n\t\t\t\t\t\t<span class=\"elementor-button-icon\">\n\t\t\t\t<i aria-hidden=\"true\" class=\"fas fa-arrow-alt-circle-right\"><\/i>\t\t\t<\/span>\n\t\t\t\t\t\t\t\t\t<span class=\"elementor-button-text\">En Savoir Plus<\/span>\n\t\t\t\t\t<\/span>\n\t\t\t\t\t<\/a>\n\t\t\t\t<\/div>\n\t\t\t\t\t\t\t\t<\/div>\n\t\t\t\t<\/div>\n\t\t\t\t<\/div>\n\t\t\t\t\t<\/div>\n\t\t\t\t<\/div>\n\t\t<div class=\"elementor-element elementor-element-441948c e-flex e-con-boxed e-con e-parent\" data-id=\"441948c\" data-element_type=\"container\" data-e-type=\"container\">\n\t\t\t\t\t<div class=\"e-con-inner\">\n\t\t<div class=\"elementor-element elementor-element-90a689e e-flex e-con-boxed e-con e-child\" data-id=\"90a689e\" data-element_type=\"container\" data-e-type=\"container\">\n\t\t\t\t\t<div class=\"e-con-inner\">\n\t\t<div class=\"elementor-element elementor-element-2145565 e-con-full e-flex e-con e-child\" data-id=\"2145565\" data-element_type=\"container\" data-e-type=\"container\" data-settings=\"{&quot;background_background&quot;:&quot;classic&quot;}\">\n\t\t\t\t<div class=\"elementor-element elementor-element-93e201f elementor-widget elementor-widget-image\" data-id=\"93e201f\" data-element_type=\"widget\" data-e-type=\"widget\" data-widget_type=\"image.default\">\n\t\t\t\t<div class=\"elementor-widget-container\">\n\t\t\t\t\t\t\t\t\t\t\t\t\t\t\t<img decoding=\"async\" width=\"700\" height=\"302\" src=\"https:\/\/bredent-group.com\/wp-content\/uploads\/2023\/06\/blanks.png\" class=\"attachment-full size-full wp-image-33268\" alt=\"\" srcset=\"https:\/\/bredent-group.com\/wp-content\/uploads\/2023\/06\/blanks.png 700w, https:\/\/bredent-group.com\/wp-content\/uploads\/2023\/06\/blanks-300x129.png 300w\" sizes=\"(max-width: 700px) 100vw, 700px\" \/>\t\t\t\t\t\t\t\t\t\t\t\t\t\t\t<\/div>\n\t\t\t\t<\/div>\n\t\t\t\t<\/div>\n\t\t<div class=\"elementor-element elementor-element-2dc7673 e-con-full e-flex e-con e-child\" data-id=\"2dc7673\" data-element_type=\"container\" data-e-type=\"container\" data-settings=\"{&quot;background_background&quot;:&quot;classic&quot;}\">\n\t\t\t\t<div class=\"elementor-element elementor-element-d77d288 elementor-widget elementor-widget-heading\" data-id=\"d77d288\" data-element_type=\"widget\" data-e-type=\"widget\" data-widget_type=\"heading.default\">\n\t\t\t\t<div class=\"elementor-widget-container\">\n\t\t\t\t\t<h2 class=\"elementor-heading-title elementor-size-default\">Mat\u00e9riaux bioniques<\/h2>\t\t\t\t<\/div>\n\t\t\t\t<\/div>\n\t\t\t\t<div class=\"elementor-element elementor-element-6ca0b39 elementor-widget elementor-widget-heading\" data-id=\"6ca0b39\" data-element_type=\"widget\" data-e-type=\"widget\" data-widget_type=\"heading.default\">\n\t\t\t\t<div class=\"elementor-widget-container\">\n\t\t\t\t\t<h2 class=\"elementor-heading-title elementor-size-default\">Avec notre comp\u00e9tence de plus d\u2019une quinzaine d\u2019ann\u00e9es dans le domaine des polym\u00e8res, nous sommes votre partenaire pour les restaurations permanentes en r\u00e9sine, biocompatibles, physiologiques et confortables pour le patient<\/h2>\t\t\t\t<\/div>\n\t\t\t\t<\/div>\n\t\t\t\t<div class=\"elementor-element elementor-element-311f9f1 elementor-align-center elementor-widget elementor-widget-button\" data-id=\"311f9f1\" data-element_type=\"widget\" data-e-type=\"widget\" data-widget_type=\"button.default\">\n\t\t\t\t<div class=\"elementor-widget-container\">\n\t\t\t\t\t\t\t\t\t<div class=\"elementor-button-wrapper\">\n\t\t\t\t\t<a class=\"elementor-button elementor-button-link elementor-size-sm\" href=\"https:\/\/bredent-group.com\/fr\/materiaux-bioniques\/\">\n\t\t\t\t\t\t<span class=\"elementor-button-content-wrapper\">\n\t\t\t\t\t\t<span class=\"elementor-button-icon\">\n\t\t\t\t<i aria-hidden=\"true\" class=\"fas fa-arrow-alt-circle-right\"><\/i>\t\t\t<\/span>\n\t\t\t\t\t\t\t\t\t<span class=\"elementor-button-text\">En Savoir Plus<\/span>\n\t\t\t\t\t<\/span>\n\t\t\t\t\t<\/a>\n\t\t\t\t<\/div>\n\t\t\t\t\t\t\t\t<\/div>\n\t\t\t\t<\/div>\n\t\t\t\t<\/div>\n\t\t\t\t\t<\/div>\n\t\t\t\t<\/div>\n\t\t\t\t\t<\/div>\n\t\t\t\t<\/div>\n\t\t<div class=\"elementor-element elementor-element-11151e4 e-flex e-con-boxed e-con e-parent\" data-id=\"11151e4\" data-element_type=\"container\" data-e-type=\"container\">\n\t\t\t\t\t<div class=\"e-con-inner\">\n\t\t<div class=\"elementor-element elementor-element-1ac7909 e-con-full e-flex e-con e-child\" data-id=\"1ac7909\" data-element_type=\"container\" data-e-type=\"container\" data-settings=\"{&quot;background_background&quot;:&quot;classic&quot;}\">\n\t\t\t\t<div class=\"elementor-element elementor-element-d3cbb27 elementor-widget elementor-widget-image\" data-id=\"d3cbb27\" data-element_type=\"widget\" data-e-type=\"widget\" data-widget_type=\"image.default\">\n\t\t\t\t<div class=\"elementor-widget-container\">\n\t\t\t\t\t\t\t\t\t\t\t\t\t\t\t<img decoding=\"async\" src=\"https:\/\/bredent-group.com\/wp-content\/uploads\/2026\/03\/brePRINT-products-bredent-group.png\" title=\"\" alt=\"\" loading=\"lazy\" \/>\t\t\t\t\t\t\t\t\t\t\t\t\t\t\t<\/div>\n\t\t\t\t<\/div>\n\t\t\t\t<\/div>\n\t\t<div class=\"elementor-element elementor-element-da87aaa e-con-full e-flex e-con e-child\" data-id=\"da87aaa\" data-element_type=\"container\" data-e-type=\"container\" data-settings=\"{&quot;background_background&quot;:&quot;classic&quot;}\">\n\t\t\t\t<div class=\"elementor-element elementor-element-f0ae1d7 elementor-widget elementor-widget-image\" data-id=\"f0ae1d7\" data-element_type=\"widget\" data-e-type=\"widget\" data-widget_type=\"image.default\">\n\t\t\t\t<div class=\"elementor-widget-container\">\n\t\t\t\t\t\t\t\t\t\t\t\t\t\t\t<img loading=\"lazy\" decoding=\"async\" width=\"800\" height=\"360\" src=\"https:\/\/bredent-group.com\/wp-content\/uploads\/2024\/03\/brePRINT-logo-1.png\" class=\"attachment-full size-full wp-image-42063\" alt=\"\" srcset=\"https:\/\/bredent-group.com\/wp-content\/uploads\/2024\/03\/brePRINT-logo-1.png 800w, https:\/\/bredent-group.com\/wp-content\/uploads\/2024\/03\/brePRINT-logo-1-300x135.png 300w, https:\/\/bredent-group.com\/wp-content\/uploads\/2024\/03\/brePRINT-logo-1-768x346.png 768w\" sizes=\"(max-width: 800px) 100vw, 800px\" \/>\t\t\t\t\t\t\t\t\t\t\t\t\t\t\t<\/div>\n\t\t\t\t<\/div>\n\t\t\t\t<div class=\"elementor-element elementor-element-e8f7f38 elementor-widget elementor-widget-heading\" data-id=\"e8f7f38\" data-element_type=\"widget\" data-e-type=\"widget\" data-widget_type=\"heading.default\">\n\t\t\t\t<div class=\"elementor-widget-container\">\n\t\t\t\t\t<h2 class=\"elementor-heading-title elementor-size-default\">Votre partenaire fiable pour des impressions <br>dentaires 3D de haute qualit\u00e9.\n<\/h2>\t\t\t\t<\/div>\n\t\t\t\t<\/div>\n\t\t\t\t<div class=\"elementor-element elementor-element-848e856 elementor-align-center elementor-widget elementor-widget-button\" data-id=\"848e856\" data-element_type=\"widget\" data-e-type=\"widget\" data-widget_type=\"button.default\">\n\t\t\t\t<div class=\"elementor-widget-container\">\n\t\t\t\t\t\t\t\t\t<div class=\"elementor-button-wrapper\">\n\t\t\t\t\t<a class=\"elementor-button elementor-button-link elementor-size-sm\" href=\"https:\/\/bredent-group.com\/fr\/breprint\/\">\n\t\t\t\t\t\t<span class=\"elementor-button-content-wrapper\">\n\t\t\t\t\t\t<span class=\"elementor-button-icon\">\n\t\t\t\t<i aria-hidden=\"true\" class=\"fas fa-arrow-alt-circle-right\"><\/i>\t\t\t<\/span>\n\t\t\t\t\t\t\t\t\t<span class=\"elementor-button-text\">En Savoir Plus<\/span>\n\t\t\t\t\t<\/span>\n\t\t\t\t\t<\/a>\n\t\t\t\t<\/div>\n\t\t\t\t\t\t\t\t<\/div>\n\t\t\t\t<\/div>\n\t\t\t\t<\/div>\n\t\t\t\t\t<\/div>\n\t\t\t\t<\/div>\n\t\t<div class=\"elementor-element elementor-element-1a3b3cb e-flex e-con-boxed e-con e-parent\" data-id=\"1a3b3cb\" data-element_type=\"container\" data-e-type=\"container\">\n\t\t\t\t\t<div class=\"e-con-inner\">\n\t\t<div class=\"elementor-element elementor-element-60e692a e-con-full e-flex e-con e-child\" data-id=\"60e692a\" data-element_type=\"container\" data-e-type=\"container\" data-settings=\"{&quot;background_background&quot;:&quot;classic&quot;}\">\n\t\t\t\t<\/div>\n\t\t<div class=\"elementor-element elementor-element-19a096c e-con-full e-flex e-con e-child\" data-id=\"19a096c\" data-element_type=\"container\" data-e-type=\"container\" data-settings=\"{&quot;background_background&quot;:&quot;classic&quot;}\">\n\t\t\t\t<div class=\"elementor-element elementor-element-59743e4 elementor-widget elementor-widget-image\" data-id=\"59743e4\" data-element_type=\"widget\" data-e-type=\"widget\" data-widget_type=\"image.default\">\n\t\t\t\t<div class=\"elementor-widget-container\">\n\t\t\t\t\t\t\t\t\t\t\t\t\t\t\t<img loading=\"lazy\" decoding=\"async\" width=\"1311\" height=\"188\" src=\"https:\/\/bredent-group.com\/wp-content\/uploads\/2024\/05\/RevoCone-logo.png\" class=\"attachment-full size-full wp-image-44739\" alt=\"\" srcset=\"https:\/\/bredent-group.com\/wp-content\/uploads\/2024\/05\/RevoCone-logo.png 1311w, https:\/\/bredent-group.com\/wp-content\/uploads\/2024\/05\/RevoCone-logo-300x43.png 300w, https:\/\/bredent-group.com\/wp-content\/uploads\/2024\/05\/RevoCone-logo-1024x147.png 1024w, https:\/\/bredent-group.com\/wp-content\/uploads\/2024\/05\/RevoCone-logo-768x110.png 768w\" sizes=\"(max-width: 1311px) 100vw, 1311px\" \/>\t\t\t\t\t\t\t\t\t\t\t\t\t\t\t<\/div>\n\t\t\t\t<\/div>\n\t\t\t\t<div class=\"elementor-element elementor-element-1d30f2b elementor-widget elementor-widget-heading\" data-id=\"1d30f2b\" data-element_type=\"widget\" data-e-type=\"widget\" data-widget_type=\"heading.default\">\n\t\t\t\t<div class=\"elementor-widget-container\">\n\t\t\t\t\t<h2 class=\"elementor-heading-title elementor-size-default\">Le bridge amovible\n\n<\/h2>\t\t\t\t<\/div>\n\t\t\t\t<\/div>\n\t\t\t\t<div class=\"elementor-element elementor-element-b5177be elementor-align-center elementor-widget elementor-widget-button\" data-id=\"b5177be\" data-element_type=\"widget\" data-e-type=\"widget\" data-widget_type=\"button.default\">\n\t\t\t\t<div class=\"elementor-widget-container\">\n\t\t\t\t\t\t\t\t\t<div class=\"elementor-button-wrapper\">\n\t\t\t\t\t<a class=\"elementor-button elementor-button-link elementor-size-sm\" href=\"https:\/\/bredent-group.com\/fr\/revocone\/\">\n\t\t\t\t\t\t<span class=\"elementor-button-content-wrapper\">\n\t\t\t\t\t\t<span class=\"elementor-button-icon\">\n\t\t\t\t<i aria-hidden=\"true\" class=\"fas fa-arrow-alt-circle-right\"><\/i>\t\t\t<\/span>\n\t\t\t\t\t\t\t\t\t<span class=\"elementor-button-text\">En Savoir Plus<\/span>\n\t\t\t\t\t<\/span>\n\t\t\t\t\t<\/a>\n\t\t\t\t<\/div>\n\t\t\t\t\t\t\t\t<\/div>\n\t\t\t\t<\/div>\n\t\t\t\t<\/div>\n\t\t\t\t\t<\/div>\n\t\t\t\t<\/div>\n\t\t\t\t<\/div>\n\t\t","protected":false},"excerpt":{"rendered":"<p>Digital Workflow NORMES INDUSTRIELLES pour votre laboratoire dentaire Dental Concept Systems En Savoir Plus Mat\u00e9riaux bioniques Avec notre comp\u00e9tence de plus d\u2019une quinzaine d\u2019ann\u00e9es dans le domaine des polym\u00e8res, nous sommes votre partenaire pour les restaurations permanentes en r\u00e9sine, biocompatibles, physiologiques et confortables pour le patient En Savoir Plus Votre partenaire fiable pour des impressions [&hellip;]<\/p>\n","protected":false},"author":1,"featured_media":0,"parent":0,"menu_order":20,"comment_status":"closed","ping_status":"closed","template":"","meta":{"footnotes":""},"class_list":["post-32602","page","type-page","status-publish","hentry"],"_links":{"self":[{"href":"https:\/\/bredent-group.com\/fr\/wp-json\/wp\/v2\/pages\/32602","targetHints":{"allow":["GET"]}}],"collection":[{"href":"https:\/\/bredent-group.com\/fr\/wp-json\/wp\/v2\/pages"}],"about":[{"href":"https:\/\/bredent-group.com\/fr\/wp-json\/wp\/v2\/types\/page"}],"author":[{"embeddable":true,"href":"https:\/\/bredent-group.com\/fr\/wp-json\/wp\/v2\/users\/1"}],"replies":[{"embeddable":true,"href":"https:\/\/bredent-group.com\/fr\/wp-json\/wp\/v2\/comments?post=32602"}],"version-history":[{"count":16,"href":"https:\/\/bredent-group.com\/fr\/wp-json\/wp\/v2\/pages\/32602\/revisions"}],"predecessor-version":[{"id":55685,"href":"https:\/\/bredent-group.com\/fr\/wp-json\/wp\/v2\/pages\/32602\/revisions\/55685"}],"wp:attachment":[{"href":"https:\/\/bredent-group.com\/fr\/wp-json\/wp\/v2\/media?parent=32602"}],"curies":[{"name":"wp","href":"https:\/\/api.w.org\/{rel}","templated":true}]}}